{"id":3604,"date":"2023-08-22T12:27:53","date_gmt":"2023-08-22T10:27:53","guid":{"rendered":"https:\/\/silgagalvanica.com\/services\/"},"modified":"2023-08-22T13:01:40","modified_gmt":"2023-08-22T11:01:40","slug":"services","status":"publish","type":"page","link":"https:\/\/silgagalvanica.com\/fr\/services\/","title":{"rendered":"Services"},"content":{"rendered":"<section class=\"wpb-content-wrapper\"><p>[vc_row disable_element=\u00a0\u00bbyes\u00a0\u00bb][vc_column][vc_row_inner][vc_column_inner][vc_basic_grid post_type=\u00a0\u00bbfactrie-service\u00a0\u00bb max_items=\u00a0\u00bb10&Prime; element_width=\u00a0\u00bb6&Prime; gap=\u00a0\u00bb35&Prime; item=\u00a0\u00bb568&Prime; grid_id=\u00a0\u00bbvc_gid:1692702016060-80892ee6-8a9e-6&Prime;][\/vc_column_inner][\/vc_row_inner][\/vc_column][\/vc_row][vc_row][vc_column][vc_tta_tour style=\u00a0\u00bbflat\u00a0\u00bb shape=\u00a0\u00bbsquare\u00a0\u00bb color=\u00a0\u00bbwhite\u00a0\u00bb gap=\u00a0\u00bb20&Prime; active_section=\u00a0\u00bb1&Prime; no_fill_content_area=\u00a0\u00bbtrue\u00a0\u00bb][vc_tta_section title=\u00a0\u00bb\u00c9chantillons rapides\u00a0\u00bb tab_id=\u00a0\u00bbechantillons-rapides\u00a0\u00bb][vc_single_image image=\u00a0\u00bb2342&Prime; img_size=\u00a0\u00bbfull\u00a0\u00bb][vc_column_text]Silga offre \u00e0 ses clients la possibilit\u00e9 de r\u00e9aliser des \u00e9chantillonnages rapides, m\u00eame pour de petites quantit\u00e9s de pi\u00e8ces.<\/p>\n<p>L&rsquo;entreprise a \u00e9galement achet\u00e9 et exploitera bient\u00f4t une ligne pilote sur laquelle elle effectuera des \u00e9chantillonnages et des essais de nouveaux proc\u00e9d\u00e9s galvaniques.[\/vc_column_text][\/vc_tta_section][vc_tta_section title=\u00a0\u00bbApprovisionnement mondial\u00a0\u00bb tab_id=\u00a0\u00bbapprovisionnement-mondial\u00a0\u00bb][vc_single_image image=\u00a0\u00bb2344&Prime; img_size=\u00a0\u00bbfull\u00a0\u00bb][vc_column_text]Gr\u00e2ce \u00e0 ses 3 unit\u00e9s de production, aux plus de 300 finitions r\u00e9alisables, aux nombreuses installations au cadres et au tonneau rotatif et \u00e0 toute une s\u00e9rie de pre- et post-traitements, ainsi qu&rsquo;\u00e0 une vaste gamme de peintures et de syst\u00e8mes de protection, Silga offre \u00e0 ses clients la possibilit\u00e9 d&rsquo;avoir un interlocuteur unique pour le traitement des surfaces, un fournisseur solide et fiable, pour une offre globale.<\/p>\n<p>De plus, gr\u00e2ce \u00e0 un r\u00e9seau de collaborations externes, l&rsquo;entreprise est \u00e9galement en mesure de g\u00e9rer des processus de pr\u00e9paration m\u00e9canique complexes tels que le meulage, le brossage et le polissage de pi\u00e8ces en sous-traitance.[\/vc_column_text][\/vc_tta_section][vc_tta_section title=\u00a0\u00bbTransport\u00a0\u00bb tab_id=\u00a0\u00bbtransport\u00a0\u00bb][vc_single_image image=\u00a0\u00bb1106&Prime; img_size=\u00a0\u00bbfull\u00a0\u00bb][vc_column_text]\u00c0 la demande du client, Silga est en mesure de fournir des services de collecte et de livraison quotidiens et hebdomadaires gr\u00e2ce \u00e0 sa collaboration avec des transporteurs et des courriers express.<\/p>\n<p>En effet, il est possible de garantir des collectes et des livraisons en 24 heures pour des colis jusqu&rsquo;\u00e0 des palettes de 1 000 kg, ainsi que des collectes et des livraisons hebdomadaires par le biais de services de groupage.[\/vc_column_text][\/vc_tta_section][\/vc_tta_tour][\/vc_column][\/vc_row]<\/p>\n<\/section>","protected":false},"excerpt":{"rendered":"<p>[vc_row disable_element=\u00a0\u00bbyes\u00a0\u00bb][vc_column][vc_row_inner][vc_column_inner][vc_basic_grid post_type=\u00a0\u00bbfactrie-service\u00a0\u00bb max_items=\u00a0\u00bb10&Prime; element_width=\u00a0\u00bb6&Prime; gap=\u00a0\u00bb35&Prime; item=\u00a0\u00bb568&Prime; grid_id=\u00a0\u00bbvc_gid:1692702016060-80892ee6-8a9e-6&Prime;][\/vc_column_inner][\/vc_row_inner][\/vc_column][\/vc_row][vc_row][vc_column][vc_tta_tour style=\u00a0\u00bbflat\u00a0\u00bb shape=\u00a0\u00bbsquare\u00a0\u00bb color=\u00a0\u00bbwhite\u00a0\u00bb gap=\u00a0\u00bb20&Prime; active_section=\u00a0\u00bb1&Prime; no_fill_content_area=\u00a0\u00bbtrue\u00a0\u00bb][vc_tta_section title=\u00a0\u00bb\u00c9chantillons rapides\u00a0\u00bb tab_id=\u00a0\u00bbechantillons-rapides\u00a0\u00bb][vc_single_image image=\u00a0\u00bb2342&Prime; img_size=\u00a0\u00bbfull\u00a0\u00bb][vc_column_text]Silga offre \u00e0 ses clients la possibilit\u00e9 de r\u00e9aliser des \u00e9chantillonnages rapides, m\u00eame pour de petites quantit\u00e9s de pi\u00e8ces. L&rsquo;entreprise a \u00e9galement achet\u00e9 et exploitera bient\u00f4t une ligne pilote sur laquelle elle effectuera des \u00e9chantillonnages et des<\/p>\n","protected":false},"author":1,"featured_media":0,"parent":0,"menu_order":35,"comment_status":"closed","ping_status":"closed","template":"","meta":{"footnotes":""},"class_list":["post-3604","page","type-page","status-publish","hentry"],"yoast_head":"<!-- This site is optimized with the Yoast SEO plugin v27.4 - https:\/\/yoast.com\/product\/yoast-seo-wordpress\/ -->\n<title>Services - Silga Beyond Surfaces<\/title>\n<meta name=\"description\" content=\"D\u00e9couvrez les services complets offerts par Silga pour satisfaire chaque besoin de nos clients de mani\u00e8re rapide et efficace.\" \/>\n<meta name=\"robots\" content=\"index, follow, max-snippet:-1, max-image-preview:large, max-video-preview:-1\" \/>\n<link rel=\"canonical\" href=\"https:\/\/silgagalvanica.com\/servizi\/\" \/>\n<meta property=\"og:locale\" content=\"fr_FR\" \/>\n<meta property=\"og:type\" content=\"article\" \/>\n<meta property=\"og:title\" content=\"Services - Silga Beyond Surfaces\" \/>\n<meta property=\"og:description\" content=\"D\u00e9couvrez les services complets offerts par Silga pour satisfaire chaque besoin de nos clients de mani\u00e8re rapide et efficace.\" \/>\n<meta property=\"og:url\" content=\"https:\/\/silgagalvanica.com\/servizi\/\" \/>\n<meta property=\"og:site_name\" content=\"Silga Beyond Surfaces\" \/>\n<meta property=\"article:modified_time\" content=\"2023-08-22T11:01:40+00:00\" \/>\n<meta name=\"twitter:card\" content=\"summary_large_image\" \/>\n<meta name=\"twitter:label1\" content=\"Dur\u00e9e de lecture estim\u00e9e\" \/>\n\t<meta name=\"twitter:data1\" content=\"2 minutes\" \/>\n<script type=\"application\/ld+json\" class=\"yoast-schema-graph\">{\"@context\":\"https:\\\/\\\/schema.org\",\"@graph\":[{\"@type\":\"WebPage\",\"@id\":\"https:\\\/\\\/silgagalvanica.com\\\/servizi\\\/\",\"url\":\"https:\\\/\\\/silgagalvanica.com\\\/servizi\\\/\",\"name\":\"Services - Silga Beyond Surfaces\",\"isPartOf\":{\"@id\":\"https:\\\/\\\/silgagalvanica.com\\\/#website\"},\"datePublished\":\"2023-08-22T10:27:53+00:00\",\"dateModified\":\"2023-08-22T11:01:40+00:00\",\"description\":\"D\u00e9couvrez les services complets offerts par Silga pour satisfaire chaque besoin de nos clients de mani\u00e8re rapide et efficace.\",\"breadcrumb\":{\"@id\":\"https:\\\/\\\/silgagalvanica.com\\\/servizi\\\/#breadcrumb\"},\"inLanguage\":\"fr-FR\",\"potentialAction\":[{\"@type\":\"ReadAction\",\"target\":[\"https:\\\/\\\/silgagalvanica.com\\\/servizi\\\/\"]}]},{\"@type\":\"BreadcrumbList\",\"@id\":\"https:\\\/\\\/silgagalvanica.com\\\/servizi\\\/#breadcrumb\",\"itemListElement\":[{\"@type\":\"ListItem\",\"position\":1,\"name\":\"Home\",\"item\":\"https:\\\/\\\/silgagalvanica.com\\\/fr\\\/\"},{\"@type\":\"ListItem\",\"position\":2,\"name\":\"Services\"}]},{\"@type\":\"WebSite\",\"@id\":\"https:\\\/\\\/silgagalvanica.com\\\/#website\",\"url\":\"https:\\\/\\\/silgagalvanica.com\\\/\",\"name\":\"Silga Beyond Surfaces\",\"description\":\"Divisione Galvanica\",\"publisher\":{\"@id\":\"https:\\\/\\\/silgagalvanica.com\\\/#organization\"},\"potentialAction\":[{\"@type\":\"SearchAction\",\"target\":{\"@type\":\"EntryPoint\",\"urlTemplate\":\"https:\\\/\\\/silgagalvanica.com\\\/?s={search_term_string}\"},\"query-input\":{\"@type\":\"PropertyValueSpecification\",\"valueRequired\":true,\"valueName\":\"search_term_string\"}}],\"inLanguage\":\"fr-FR\"},{\"@type\":\"Organization\",\"@id\":\"https:\\\/\\\/silgagalvanica.com\\\/#organization\",\"name\":\"Silga S.p.A.\",\"url\":\"https:\\\/\\\/silgagalvanica.com\\\/\",\"logo\":{\"@type\":\"ImageObject\",\"inLanguage\":\"fr-FR\",\"@id\":\"https:\\\/\\\/silgagalvanica.com\\\/#\\\/schema\\\/logo\\\/image\\\/\",\"url\":\"https:\\\/\\\/silgagalvanica.com\\\/wp-content\\\/uploads\\\/cropped-cropped-favicon-gv.ico-1.jpg\",\"contentUrl\":\"https:\\\/\\\/silgagalvanica.com\\\/wp-content\\\/uploads\\\/cropped-cropped-favicon-gv.ico-1.jpg\",\"width\":512,\"height\":512,\"caption\":\"Silga S.p.A.\"},\"image\":{\"@id\":\"https:\\\/\\\/silgagalvanica.com\\\/#\\\/schema\\\/logo\\\/image\\\/\"}}]}<\/script>\n<!-- \/ Yoast SEO plugin. -->","yoast_head_json":{"title":"Services - Silga Beyond Surfaces","description":"D\u00e9couvrez les services complets offerts par Silga pour satisfaire chaque besoin de nos clients de mani\u00e8re rapide et efficace.","robots":{"index":"index","follow":"follow","max-snippet":"max-snippet:-1","max-image-preview":"max-image-preview:large","max-video-preview":"max-video-preview:-1"},"canonical":"https:\/\/silgagalvanica.com\/servizi\/","og_locale":"fr_FR","og_type":"article","og_title":"Services - Silga Beyond Surfaces","og_description":"D\u00e9couvrez les services complets offerts par Silga pour satisfaire chaque besoin de nos clients de mani\u00e8re rapide et efficace.","og_url":"https:\/\/silgagalvanica.com\/servizi\/","og_site_name":"Silga Beyond Surfaces","article_modified_time":"2023-08-22T11:01:40+00:00","twitter_card":"summary_large_image","twitter_misc":{"Dur\u00e9e de lecture estim\u00e9e":"2 minutes"},"schema":{"@context":"https:\/\/schema.org","@graph":[{"@type":"WebPage","@id":"https:\/\/silgagalvanica.com\/servizi\/","url":"https:\/\/silgagalvanica.com\/servizi\/","name":"Services - Silga Beyond Surfaces","isPartOf":{"@id":"https:\/\/silgagalvanica.com\/#website"},"datePublished":"2023-08-22T10:27:53+00:00","dateModified":"2023-08-22T11:01:40+00:00","description":"D\u00e9couvrez les services complets offerts par Silga pour satisfaire chaque besoin de nos clients de mani\u00e8re rapide et efficace.","breadcrumb":{"@id":"https:\/\/silgagalvanica.com\/servizi\/#breadcrumb"},"inLanguage":"fr-FR","potentialAction":[{"@type":"ReadAction","target":["https:\/\/silgagalvanica.com\/servizi\/"]}]},{"@type":"BreadcrumbList","@id":"https:\/\/silgagalvanica.com\/servizi\/#breadcrumb","itemListElement":[{"@type":"ListItem","position":1,"name":"Home","item":"https:\/\/silgagalvanica.com\/fr\/"},{"@type":"ListItem","position":2,"name":"Services"}]},{"@type":"WebSite","@id":"https:\/\/silgagalvanica.com\/#website","url":"https:\/\/silgagalvanica.com\/","name":"Silga Beyond Surfaces","description":"Divisione Galvanica","publisher":{"@id":"https:\/\/silgagalvanica.com\/#organization"},"potentialAction":[{"@type":"SearchAction","target":{"@type":"EntryPoint","urlTemplate":"https:\/\/silgagalvanica.com\/?s={search_term_string}"},"query-input":{"@type":"PropertyValueSpecification","valueRequired":true,"valueName":"search_term_string"}}],"inLanguage":"fr-FR"},{"@type":"Organization","@id":"https:\/\/silgagalvanica.com\/#organization","name":"Silga S.p.A.","url":"https:\/\/silgagalvanica.com\/","logo":{"@type":"ImageObject","inLanguage":"fr-FR","@id":"https:\/\/silgagalvanica.com\/#\/schema\/logo\/image\/","url":"https:\/\/silgagalvanica.com\/wp-content\/uploads\/cropped-cropped-favicon-gv.ico-1.jpg","contentUrl":"https:\/\/silgagalvanica.com\/wp-content\/uploads\/cropped-cropped-favicon-gv.ico-1.jpg","width":512,"height":512,"caption":"Silga S.p.A."},"image":{"@id":"https:\/\/silgagalvanica.com\/#\/schema\/logo\/image\/"}}]}},"_links":{"self":[{"href":"https:\/\/silgagalvanica.com\/fr\/wp-json\/wp\/v2\/pages\/3604","targetHints":{"allow":["GET"]}}],"collection":[{"href":"https:\/\/silgagalvanica.com\/fr\/wp-json\/wp\/v2\/pages"}],"about":[{"href":"https:\/\/silgagalvanica.com\/fr\/wp-json\/wp\/v2\/types\/page"}],"author":[{"embeddable":true,"href":"https:\/\/silgagalvanica.com\/fr\/wp-json\/wp\/v2\/users\/1"}],"replies":[{"embeddable":true,"href":"https:\/\/silgagalvanica.com\/fr\/wp-json\/wp\/v2\/comments?post=3604"}],"version-history":[{"count":4,"href":"https:\/\/silgagalvanica.com\/fr\/wp-json\/wp\/v2\/pages\/3604\/revisions"}],"predecessor-version":[{"id":3628,"href":"https:\/\/silgagalvanica.com\/fr\/wp-json\/wp\/v2\/pages\/3604\/revisions\/3628"}],"wp:attachment":[{"href":"https:\/\/silgagalvanica.com\/fr\/wp-json\/wp\/v2\/media?parent=3604"}],"curies":[{"name":"wp","href":"https:\/\/api.w.org\/{rel}","templated":true}]}}