{"id":3416,"date":"2023-08-18T17:23:42","date_gmt":"2023-08-18T15:23:42","guid":{"rendered":"https:\/\/silgagalvanica.com\/unites-de-production\/peinture-et-systemes-de-protection-pre-traitements-et-post-traitements\/"},"modified":"2025-01-20T15:56:10","modified_gmt":"2025-01-20T14:56:10","slug":"peinture-et-systemes-de-protection-pre-traitements-et-post-traitements","status":"publish","type":"page","link":"https:\/\/silgagalvanica.com\/fr\/unites-de-production\/peinture-et-systemes-de-protection-pre-traitements-et-post-traitements\/","title":{"rendered":"Peinture et Syst\u00e8mes De Protection \u2013 Pr\u00e9-Traitements et Post-Traitements"},"content":{"rendered":"<section class=\"wpb-content-wrapper\"><p>[vc_row][vc_column width=\u00a0\u00bb1\/2&Prime;][vc_custom_heading text=\u00a0\u00bbPeinture et syst\u00e8mes de protection\u00a0\u00bb use_theme_fonts=\u00a0\u00bbyes\u00a0\u00bb][vc_column_text]<\/p>\n<p style=\"text-align: justify;\">Silga a acquis et d\u00e9velopp\u00e9 de nouveaux proc\u00e9d\u00e9s de protection finale \u00e0 appliquer aux rev\u00eatements galvaniques, capables d&rsquo;am\u00e9liorer leurs performances en termes d&rsquo;augmentation de la r\u00e9sistance \u00e0 la corrosion, \u00e0 l&rsquo;oxydation et \u00e0 l&rsquo;usure, tout en maintenant un niveau esth\u00e9tique \u00e9lev\u00e9 de la finition galvanique. Ces protections vont des peintures par cataphor\u00e8se et \u00e9lectrostatiques au cadre, aux peintures de masse, en passant par les passivations et les protections sp\u00e9ciales.<\/p>\n<p>[\/vc_column_text][vc_btn title=\u00a0\u00bbTraitements\u00a0\u00bb shape=\u00a0\u00bbsquare\u00a0\u00bb link=\u00a0\u00bburl:https%3A%2F%2Fsilgagalvanica.com%2Ffr%2Ftype-traitement%2Fpeinture-et-systemes-de-protection%2F\u00a0\u00bb][vc_empty_space height=\u00a0\u00bb50px\u00a0\u00bb][\/vc_column][vc_column width=\u00a0\u00bb1\/2&Prime;][vc_single_image image=\u00a0\u00bb5199&Prime; img_size=\u00a0\u00bblarge\u00a0\u00bb][\/vc_column][\/vc_row][vc_row][vc_column width=\u00a0\u00bb2\/3&Prime;][vc_custom_heading text=\u00a0\u00bbPr\u00e9 et Post Traitements\u00a0\u00bb use_theme_fonts=\u00a0\u00bbyes\u00a0\u00bb][vc_column_text]<\/p>\n<p style=\"text-align: justify;\">Pour la r\u00e9alisation de la finition de la surface, en plus du rev\u00eatement galvanique, Silga est en mesure de fournir \u00e0 ses clients une vaste gamme de traitements auxiliaires, chimiques et m\u00e9caniques, qui peuvent ajouter de la valeur \u00e0 la finition finale de la surface. Ces traitements peuvent \u00eatre destin\u00e9s \u00e0 la pr\u00e9paration de la surface rugueuse et donc r\u00e9alis\u00e9s avant le traitement galvanique ou r\u00e9alis\u00e9s ult\u00e9rieurement pour parfaire la finition.<\/p>\n<p>[\/vc_column_text][vc_btn title=\u00a0\u00bbPr\u00e9-traitements\u00a0\u00bb shape=\u00a0\u00bbsquare\u00a0\u00bb align=\u00a0\u00bbleft\u00a0\u00bb link=\u00a0\u00bburl:https%3A%2F%2Fsilgagalvanica.com%2Ffr%2Ftype-traitement%2Fpre-traitements%2F\u00a0\u00bb][vc_btn title=\u00a0\u00bbPost-traitements\u00a0\u00bb shape=\u00a0\u00bbsquare\u00a0\u00bb align=\u00a0\u00bbleft\u00a0\u00bb link=\u00a0\u00bburl:https%3A%2F%2Fsilgagalvanica.com%2Ffr%2Ftype-traitement%2Fpost-traitements%2F\u00a0\u00bb][\/vc_column][vc_column width=\u00a0\u00bb1\/3&Prime;][\/vc_column][\/vc_row]<\/p>\n<\/section>","protected":false},"excerpt":{"rendered":"<p>[vc_row][vc_column width=\u00a0\u00bb1\/2&Prime;][vc_custom_heading text=\u00a0\u00bbPeinture et syst\u00e8mes de protection\u00a0\u00bb use_theme_fonts=\u00a0\u00bbyes\u00a0\u00bb][vc_column_text] Silga a acquis et d\u00e9velopp\u00e9 de nouveaux proc\u00e9d\u00e9s de protection finale \u00e0 appliquer aux rev\u00eatements galvaniques, capables d&rsquo;am\u00e9liorer leurs performances en termes d&rsquo;augmentation de la r\u00e9sistance \u00e0 la corrosion, \u00e0 l&rsquo;oxydation et \u00e0 l&rsquo;usure, tout en maintenant un niveau esth\u00e9tique \u00e9lev\u00e9 de la finition galvanique. Ces protections<\/p>\n","protected":false},"author":1,"featured_media":0,"parent":3397,"menu_order":10,"comment_status":"closed","ping_status":"closed","template":"","meta":{"footnotes":""},"class_list":["post-3416","page","type-page","status-publish","hentry"],"yoast_head":"<!-- This site is optimized with the Yoast SEO plugin v27.2 - https:\/\/yoast.com\/product\/yoast-seo-wordpress\/ -->\n<title>Peinture et Syst\u00e8mes De Protection \u2013 Pr\u00e9-Traitements et Post-Traitements - Silga Beyond Surfaces<\/title>\n<meta name=\"description\" content=\"Silga est en mesure de fournir \u00e0 ses clients une large gamme de traitements auxiliaires capables d&#039;apporter une valeur ajout\u00e9e \u00e0 la finition de surface finale.\" \/>\n<meta name=\"robots\" content=\"index, follow, max-snippet:-1, max-image-preview:large, max-video-preview:-1\" \/>\n<link rel=\"canonical\" href=\"https:\/\/silgagalvanica.com\/fr\/unites-de-production\/peinture-et-systemes-de-protection-pre-traitements-et-post-traitements\/\" \/>\n<meta property=\"og:locale\" content=\"fr_FR\" \/>\n<meta property=\"og:type\" content=\"article\" \/>\n<meta property=\"og:title\" content=\"Peinture et Syst\u00e8mes De Protection \u2013 Pr\u00e9-Traitements et Post-Traitements - Silga Beyond Surfaces\" \/>\n<meta property=\"og:description\" content=\"Silga est en mesure de fournir \u00e0 ses clients une large gamme de traitements auxiliaires capables d&#039;apporter une valeur ajout\u00e9e \u00e0 la finition de surface finale.\" \/>\n<meta property=\"og:url\" content=\"https:\/\/silgagalvanica.com\/fr\/unites-de-production\/peinture-et-systemes-de-protection-pre-traitements-et-post-traitements\/\" \/>\n<meta property=\"og:site_name\" content=\"Silga Beyond Surfaces\" \/>\n<meta property=\"article:modified_time\" content=\"2025-01-20T14:56:10+00:00\" \/>\n<meta name=\"twitter:card\" content=\"summary_large_image\" \/>\n<meta name=\"twitter:label1\" content=\"Dur\u00e9e de lecture estim\u00e9e\" \/>\n\t<meta name=\"twitter:data1\" content=\"1 minute\" \/>\n<script type=\"application\/ld+json\" class=\"yoast-schema-graph\">{\"@context\":\"https:\/\/schema.org\",\"@graph\":[{\"@type\":\"WebPage\",\"@id\":\"https:\/\/silgagalvanica.com\/fr\/unites-de-production\/peinture-et-systemes-de-protection-pre-traitements-et-post-traitements\/\",\"url\":\"https:\/\/silgagalvanica.com\/fr\/unites-de-production\/peinture-et-systemes-de-protection-pre-traitements-et-post-traitements\/\",\"name\":\"Peinture et Syst\u00e8mes De Protection \u2013 Pr\u00e9-Traitements et Post-Traitements - Silga Beyond Surfaces\",\"isPartOf\":{\"@id\":\"https:\/\/silgagalvanica.com\/#website\"},\"datePublished\":\"2023-08-18T15:23:42+00:00\",\"dateModified\":\"2025-01-20T14:56:10+00:00\",\"description\":\"Silga est en mesure de fournir \u00e0 ses clients une large gamme de traitements auxiliaires capables d'apporter une valeur ajout\u00e9e \u00e0 la finition de surface finale.\",\"breadcrumb\":{\"@id\":\"https:\/\/silgagalvanica.com\/fr\/unites-de-production\/peinture-et-systemes-de-protection-pre-traitements-et-post-traitements\/#breadcrumb\"},\"inLanguage\":\"fr-FR\",\"potentialAction\":[{\"@type\":\"ReadAction\",\"target\":[\"https:\/\/silgagalvanica.com\/fr\/unites-de-production\/peinture-et-systemes-de-protection-pre-traitements-et-post-traitements\/\"]}]},{\"@type\":\"BreadcrumbList\",\"@id\":\"https:\/\/silgagalvanica.com\/fr\/unites-de-production\/peinture-et-systemes-de-protection-pre-traitements-et-post-traitements\/#breadcrumb\",\"itemListElement\":[{\"@type\":\"ListItem\",\"position\":1,\"name\":\"Home\",\"item\":\"https:\/\/silgagalvanica.com\/fr\/\"},{\"@type\":\"ListItem\",\"position\":2,\"name\":\"Unit\u00e9s de Production\",\"item\":\"https:\/\/silgagalvanica.com\/fr\/unites-de-production\/\"},{\"@type\":\"ListItem\",\"position\":3,\"name\":\"Peinture et Syst\u00e8mes De Protection \u2013 Pr\u00e9-Traitements et Post-Traitements\"}]},{\"@type\":\"WebSite\",\"@id\":\"https:\/\/silgagalvanica.com\/#website\",\"url\":\"https:\/\/silgagalvanica.com\/\",\"name\":\"Silga Beyond Surfaces\",\"description\":\"Divisione Galvanica\",\"publisher\":{\"@id\":\"https:\/\/silgagalvanica.com\/#organization\"},\"potentialAction\":[{\"@type\":\"SearchAction\",\"target\":{\"@type\":\"EntryPoint\",\"urlTemplate\":\"https:\/\/silgagalvanica.com\/?s={search_term_string}\"},\"query-input\":{\"@type\":\"PropertyValueSpecification\",\"valueRequired\":true,\"valueName\":\"search_term_string\"}}],\"inLanguage\":\"fr-FR\"},{\"@type\":\"Organization\",\"@id\":\"https:\/\/silgagalvanica.com\/#organization\",\"name\":\"Silga S.p.A.\",\"url\":\"https:\/\/silgagalvanica.com\/\",\"logo\":{\"@type\":\"ImageObject\",\"inLanguage\":\"fr-FR\",\"@id\":\"https:\/\/silgagalvanica.com\/#\/schema\/logo\/image\/\",\"url\":\"https:\/\/silgagalvanica.com\/wp-content\/uploads\/cropped-cropped-favicon-gv.ico-1.jpg\",\"contentUrl\":\"https:\/\/silgagalvanica.com\/wp-content\/uploads\/cropped-cropped-favicon-gv.ico-1.jpg\",\"width\":512,\"height\":512,\"caption\":\"Silga S.p.A.\"},\"image\":{\"@id\":\"https:\/\/silgagalvanica.com\/#\/schema\/logo\/image\/\"}}]}<\/script>\n<!-- \/ Yoast SEO plugin. -->","yoast_head_json":{"title":"Peinture et Syst\u00e8mes De Protection \u2013 Pr\u00e9-Traitements et Post-Traitements - Silga Beyond Surfaces","description":"Silga est en mesure de fournir \u00e0 ses clients une large gamme de traitements auxiliaires capables d'apporter une valeur ajout\u00e9e \u00e0 la finition de surface finale.","robots":{"index":"index","follow":"follow","max-snippet":"max-snippet:-1","max-image-preview":"max-image-preview:large","max-video-preview":"max-video-preview:-1"},"canonical":"https:\/\/silgagalvanica.com\/fr\/unites-de-production\/peinture-et-systemes-de-protection-pre-traitements-et-post-traitements\/","og_locale":"fr_FR","og_type":"article","og_title":"Peinture et Syst\u00e8mes De Protection \u2013 Pr\u00e9-Traitements et Post-Traitements - Silga Beyond Surfaces","og_description":"Silga est en mesure de fournir \u00e0 ses clients une large gamme de traitements auxiliaires capables d'apporter une valeur ajout\u00e9e \u00e0 la finition de surface finale.","og_url":"https:\/\/silgagalvanica.com\/fr\/unites-de-production\/peinture-et-systemes-de-protection-pre-traitements-et-post-traitements\/","og_site_name":"Silga Beyond Surfaces","article_modified_time":"2025-01-20T14:56:10+00:00","twitter_card":"summary_large_image","twitter_misc":{"Dur\u00e9e de lecture estim\u00e9e":"1 minute"},"schema":{"@context":"https:\/\/schema.org","@graph":[{"@type":"WebPage","@id":"https:\/\/silgagalvanica.com\/fr\/unites-de-production\/peinture-et-systemes-de-protection-pre-traitements-et-post-traitements\/","url":"https:\/\/silgagalvanica.com\/fr\/unites-de-production\/peinture-et-systemes-de-protection-pre-traitements-et-post-traitements\/","name":"Peinture et Syst\u00e8mes De Protection \u2013 Pr\u00e9-Traitements et Post-Traitements - Silga Beyond Surfaces","isPartOf":{"@id":"https:\/\/silgagalvanica.com\/#website"},"datePublished":"2023-08-18T15:23:42+00:00","dateModified":"2025-01-20T14:56:10+00:00","description":"Silga est en mesure de fournir \u00e0 ses clients une large gamme de traitements auxiliaires capables d'apporter une valeur ajout\u00e9e \u00e0 la finition de surface finale.","breadcrumb":{"@id":"https:\/\/silgagalvanica.com\/fr\/unites-de-production\/peinture-et-systemes-de-protection-pre-traitements-et-post-traitements\/#breadcrumb"},"inLanguage":"fr-FR","potentialAction":[{"@type":"ReadAction","target":["https:\/\/silgagalvanica.com\/fr\/unites-de-production\/peinture-et-systemes-de-protection-pre-traitements-et-post-traitements\/"]}]},{"@type":"BreadcrumbList","@id":"https:\/\/silgagalvanica.com\/fr\/unites-de-production\/peinture-et-systemes-de-protection-pre-traitements-et-post-traitements\/#breadcrumb","itemListElement":[{"@type":"ListItem","position":1,"name":"Home","item":"https:\/\/silgagalvanica.com\/fr\/"},{"@type":"ListItem","position":2,"name":"Unit\u00e9s de Production","item":"https:\/\/silgagalvanica.com\/fr\/unites-de-production\/"},{"@type":"ListItem","position":3,"name":"Peinture et Syst\u00e8mes De Protection \u2013 Pr\u00e9-Traitements et Post-Traitements"}]},{"@type":"WebSite","@id":"https:\/\/silgagalvanica.com\/#website","url":"https:\/\/silgagalvanica.com\/","name":"Silga Beyond Surfaces","description":"Divisione Galvanica","publisher":{"@id":"https:\/\/silgagalvanica.com\/#organization"},"potentialAction":[{"@type":"SearchAction","target":{"@type":"EntryPoint","urlTemplate":"https:\/\/silgagalvanica.com\/?s={search_term_string}"},"query-input":{"@type":"PropertyValueSpecification","valueRequired":true,"valueName":"search_term_string"}}],"inLanguage":"fr-FR"},{"@type":"Organization","@id":"https:\/\/silgagalvanica.com\/#organization","name":"Silga S.p.A.","url":"https:\/\/silgagalvanica.com\/","logo":{"@type":"ImageObject","inLanguage":"fr-FR","@id":"https:\/\/silgagalvanica.com\/#\/schema\/logo\/image\/","url":"https:\/\/silgagalvanica.com\/wp-content\/uploads\/cropped-cropped-favicon-gv.ico-1.jpg","contentUrl":"https:\/\/silgagalvanica.com\/wp-content\/uploads\/cropped-cropped-favicon-gv.ico-1.jpg","width":512,"height":512,"caption":"Silga S.p.A."},"image":{"@id":"https:\/\/silgagalvanica.com\/#\/schema\/logo\/image\/"}}]}},"_links":{"self":[{"href":"https:\/\/silgagalvanica.com\/fr\/wp-json\/wp\/v2\/pages\/3416","targetHints":{"allow":["GET"]}}],"collection":[{"href":"https:\/\/silgagalvanica.com\/fr\/wp-json\/wp\/v2\/pages"}],"about":[{"href":"https:\/\/silgagalvanica.com\/fr\/wp-json\/wp\/v2\/types\/page"}],"author":[{"embeddable":true,"href":"https:\/\/silgagalvanica.com\/fr\/wp-json\/wp\/v2\/users\/1"}],"replies":[{"embeddable":true,"href":"https:\/\/silgagalvanica.com\/fr\/wp-json\/wp\/v2\/comments?post=3416"}],"version-history":[{"count":9,"href":"https:\/\/silgagalvanica.com\/fr\/wp-json\/wp\/v2\/pages\/3416\/revisions"}],"predecessor-version":[{"id":5205,"href":"https:\/\/silgagalvanica.com\/fr\/wp-json\/wp\/v2\/pages\/3416\/revisions\/5205"}],"up":[{"embeddable":true,"href":"https:\/\/silgagalvanica.com\/fr\/wp-json\/wp\/v2\/pages\/3397"}],"wp:attachment":[{"href":"https:\/\/silgagalvanica.com\/fr\/wp-json\/wp\/v2\/media?parent=3416"}],"curies":[{"name":"wp","href":"https:\/\/api.w.org\/{rel}","templated":true}]}}