{"id":3412,"date":"2023-08-18T17:17:55","date_gmt":"2023-08-18T15:17:55","guid":{"rendered":"https:\/\/silgagalvanica.com\/unites-de-production\/zingage-et-zinc-nickel\/"},"modified":"2023-09-13T17:53:36","modified_gmt":"2023-09-13T15:53:36","slug":"zingage-et-zinc-nickel","status":"publish","type":"page","link":"https:\/\/silgagalvanica.com\/fr\/unites-de-production\/zingage-et-zinc-nickel\/","title":{"rendered":"Zingage et Zinc-Nickel"},"content":{"rendered":"<section class=\"wpb-content-wrapper\"><p>[vc_row][vc_column width=\u00a0\u00bb2\/3&Prime;][vc_column_text]<\/p>\n<p style=\"text-align: justify;\"><span class=\"\">La Division<\/span> Zingage de Silga r\u00e9alise des proc\u00e9d\u00e9s de zingage et de zinc-nickel sur diff\u00e9rents substrats m\u00e9talliques, ainsi que toute une s\u00e9rie de pr\u00e9-traitements et de post-traitements qui compl\u00e8tent les traitements de base.<br \/>\nLa division compte 25 unit\u00e9s de travail et utilise des installations automatiques multiprogrammes avec un syst\u00e8me de gestion bas\u00e9 sur un logiciel innovant, des installations pour le traitement statique au cadre et des installations au tonneau rotatif. Le mat\u00e9riel entrant est cod\u00e9 par le code de l&rsquo;article, la quantit\u00e9 et le code de transformation, ce qui garantit la tra\u00e7abilit\u00e9 tout au long du processus industriel, depuis l&rsquo;arriv\u00e9e jusqu&rsquo;\u00e0 la livraison finale au client. La force du d\u00e9partement r\u00e9side dans le caract\u00e8re innovant des traitements et la capacit\u00e9 de production \u00e9lev\u00e9e.[\/vc_column_text][vc_custom_heading text=\u00a0\u00bbInstallations et mat\u00e9riaux\u00a0\u00bb use_theme_fonts=\u00a0\u00bbyes\u00a0\u00bb][vc_column_text]<\/p>\n<p style=\"text-align: justify;\">La division <strong>zingage<\/strong> dispose de plusieurs installations automatiques dot\u00e9es d&rsquo;une fonctionnalit\u00e9 multiprogramme avec l&rsquo;avancement du mat\u00e9riel en autogestion gr\u00e2ce \u00e0 un logiciel innovant qui permet de surveiller et de g\u00e9rer en permanence les temp\u00e9ratures, les temps et les courants des proc\u00e9d\u00e9s, ainsi que l&rsquo;avancement de la production.<br \/>\n<strong>Installations au cadre:<\/strong> 3 installations multiprogrammes automatiques g\u00e9r\u00e9es par un logiciel innovant<br \/>\n<strong>Installations au tonneau rotatif:<\/strong> 5 lignes multiprogrammes automatiques g\u00e9r\u00e9es par un logiciel innovant<br \/>\nLa <strong>productivit\u00e9<\/strong> quotidienne est de 120 000 dm2\/jour pour les traitements au cadre et de 900 quintaux\/jour pour les traitements au tonneau rotatif.<br \/>\nLes proc\u00e9d\u00e9s techniques de zingage sont applicables auxs<strong>substrats m\u00e9talliques<\/strong> suivants<br \/>\n<strong>Acier et ses alliages<\/strong>: aciers doux et durs, aciers alli\u00e9s, fontes, aciers trait\u00e9s thermiquement et en surface, etc.;<br \/>\n<strong>Cuivre et ses alliages<\/strong>: laiton, cuivre et bronze;<br \/>\n<strong>Zamak<\/strong>.<\/p>\n<p>[\/vc_column_text][vc_btn title=\u00a0\u00bbD\u00e9couvrez les traitements\u00a0\u00bb shape=\u00a0\u00bbsquare\u00a0\u00bb link=\u00a0\u00bburl:https%3A%2F%2Fsilgagalvanica.com%2Ffr%2Ftype-traitement%2Fzingage-et-zinc-nickel%2F\u00a0\u00bb][\/vc_column][vc_column width=\u00a0\u00bb1\/3&Prime;][vc_single_image image=\u00a0\u00bb2290&Prime; img_size=\u00a0\u00bbfull\u00a0\u00bb][vc_single_image image=\u00a0\u00bb2292&Prime; img_size=\u00a0\u00bbfull\u00a0\u00bb][\/vc_column][\/vc_row]<\/p>\n<\/section>","protected":false},"excerpt":{"rendered":"<p>[vc_row][vc_column width=\u00a0\u00bb2\/3&Prime;][vc_column_text] La Division Zingage de Silga r\u00e9alise des proc\u00e9d\u00e9s de zingage et de zinc-nickel sur diff\u00e9rents substrats m\u00e9talliques, ainsi que toute une s\u00e9rie de pr\u00e9-traitements et de post-traitements qui compl\u00e8tent les traitements de base. La division compte 25 unit\u00e9s de travail et utilise des installations automatiques multiprogrammes avec un syst\u00e8me de gestion bas\u00e9 sur<\/p>\n","protected":false},"author":1,"featured_media":0,"parent":3397,"menu_order":27,"comment_status":"closed","ping_status":"closed","template":"","meta":{"footnotes":""},"class_list":["post-3412","page","type-page","status-publish","hentry"],"yoast_head":"<!-- This site is optimized with the Yoast SEO plugin v27.4 - https:\/\/yoast.com\/product\/yoast-seo-wordpress\/ -->\n<title>Zingage et Zinc-Nickel - Silga Beyond Surfaces<\/title>\n<meta name=\"description\" content=\"D\u00e9couvrez les proc\u00e9d\u00e9s de galvanisation et de zinc-nickel Silga sur diff\u00e9rents types de substrats m\u00e9talliques, y compris les pr\u00e9-traitements et post-traitements int\u00e9gratifs!\" \/>\n<meta name=\"robots\" content=\"index, follow, max-snippet:-1, max-image-preview:large, max-video-preview:-1\" \/>\n<link rel=\"canonical\" href=\"https:\/\/silgagalvanica.com\/fr\/unites-de-production\/zingage-et-zinc-nickel\/\" \/>\n<meta property=\"og:locale\" content=\"fr_FR\" \/>\n<meta property=\"og:type\" content=\"article\" \/>\n<meta property=\"og:title\" content=\"Zingage et Zinc-Nickel - Silga Beyond Surfaces\" \/>\n<meta property=\"og:description\" content=\"D\u00e9couvrez les proc\u00e9d\u00e9s de galvanisation et de zinc-nickel Silga sur diff\u00e9rents types de substrats m\u00e9talliques, y compris les pr\u00e9-traitements et post-traitements int\u00e9gratifs!\" \/>\n<meta property=\"og:url\" content=\"https:\/\/silgagalvanica.com\/fr\/unites-de-production\/zingage-et-zinc-nickel\/\" \/>\n<meta property=\"og:site_name\" content=\"Silga Beyond Surfaces\" \/>\n<meta property=\"article:modified_time\" content=\"2023-09-13T15:53:36+00:00\" \/>\n<meta name=\"twitter:card\" content=\"summary_large_image\" \/>\n<meta name=\"twitter:label1\" content=\"Dur\u00e9e de lecture estim\u00e9e\" \/>\n\t<meta name=\"twitter:data1\" content=\"2 minutes\" \/>\n<script type=\"application\/ld+json\" class=\"yoast-schema-graph\">{\"@context\":\"https:\\\/\\\/schema.org\",\"@graph\":[{\"@type\":\"WebPage\",\"@id\":\"https:\\\/\\\/silgagalvanica.com\\\/fr\\\/unites-de-production\\\/zingage-et-zinc-nickel\\\/\",\"url\":\"https:\\\/\\\/silgagalvanica.com\\\/fr\\\/unites-de-production\\\/zingage-et-zinc-nickel\\\/\",\"name\":\"Zingage et Zinc-Nickel - Silga Beyond Surfaces\",\"isPartOf\":{\"@id\":\"https:\\\/\\\/silgagalvanica.com\\\/#website\"},\"datePublished\":\"2023-08-18T15:17:55+00:00\",\"dateModified\":\"2023-09-13T15:53:36+00:00\",\"description\":\"D\u00e9couvrez les proc\u00e9d\u00e9s de galvanisation et de zinc-nickel Silga sur diff\u00e9rents types de substrats m\u00e9talliques, y compris les pr\u00e9-traitements et post-traitements int\u00e9gratifs!\",\"breadcrumb\":{\"@id\":\"https:\\\/\\\/silgagalvanica.com\\\/fr\\\/unites-de-production\\\/zingage-et-zinc-nickel\\\/#breadcrumb\"},\"inLanguage\":\"fr-FR\",\"potentialAction\":[{\"@type\":\"ReadAction\",\"target\":[\"https:\\\/\\\/silgagalvanica.com\\\/fr\\\/unites-de-production\\\/zingage-et-zinc-nickel\\\/\"]}]},{\"@type\":\"BreadcrumbList\",\"@id\":\"https:\\\/\\\/silgagalvanica.com\\\/fr\\\/unites-de-production\\\/zingage-et-zinc-nickel\\\/#breadcrumb\",\"itemListElement\":[{\"@type\":\"ListItem\",\"position\":1,\"name\":\"Home\",\"item\":\"https:\\\/\\\/silgagalvanica.com\\\/fr\\\/\"},{\"@type\":\"ListItem\",\"position\":2,\"name\":\"Unit\u00e9s de Production\",\"item\":\"https:\\\/\\\/silgagalvanica.com\\\/fr\\\/unites-de-production\\\/\"},{\"@type\":\"ListItem\",\"position\":3,\"name\":\"Zingage et Zinc-Nickel\"}]},{\"@type\":\"WebSite\",\"@id\":\"https:\\\/\\\/silgagalvanica.com\\\/#website\",\"url\":\"https:\\\/\\\/silgagalvanica.com\\\/\",\"name\":\"Silga Beyond Surfaces\",\"description\":\"Divisione Galvanica\",\"publisher\":{\"@id\":\"https:\\\/\\\/silgagalvanica.com\\\/#organization\"},\"potentialAction\":[{\"@type\":\"SearchAction\",\"target\":{\"@type\":\"EntryPoint\",\"urlTemplate\":\"https:\\\/\\\/silgagalvanica.com\\\/?s={search_term_string}\"},\"query-input\":{\"@type\":\"PropertyValueSpecification\",\"valueRequired\":true,\"valueName\":\"search_term_string\"}}],\"inLanguage\":\"fr-FR\"},{\"@type\":\"Organization\",\"@id\":\"https:\\\/\\\/silgagalvanica.com\\\/#organization\",\"name\":\"Silga S.p.A.\",\"url\":\"https:\\\/\\\/silgagalvanica.com\\\/\",\"logo\":{\"@type\":\"ImageObject\",\"inLanguage\":\"fr-FR\",\"@id\":\"https:\\\/\\\/silgagalvanica.com\\\/#\\\/schema\\\/logo\\\/image\\\/\",\"url\":\"https:\\\/\\\/silgagalvanica.com\\\/wp-content\\\/uploads\\\/cropped-cropped-favicon-gv.ico-1.jpg\",\"contentUrl\":\"https:\\\/\\\/silgagalvanica.com\\\/wp-content\\\/uploads\\\/cropped-cropped-favicon-gv.ico-1.jpg\",\"width\":512,\"height\":512,\"caption\":\"Silga S.p.A.\"},\"image\":{\"@id\":\"https:\\\/\\\/silgagalvanica.com\\\/#\\\/schema\\\/logo\\\/image\\\/\"}}]}<\/script>\n<!-- \/ Yoast SEO plugin. -->","yoast_head_json":{"title":"Zingage et Zinc-Nickel - Silga Beyond Surfaces","description":"D\u00e9couvrez les proc\u00e9d\u00e9s de galvanisation et de zinc-nickel Silga sur diff\u00e9rents types de substrats m\u00e9talliques, y compris les pr\u00e9-traitements et post-traitements int\u00e9gratifs!","robots":{"index":"index","follow":"follow","max-snippet":"max-snippet:-1","max-image-preview":"max-image-preview:large","max-video-preview":"max-video-preview:-1"},"canonical":"https:\/\/silgagalvanica.com\/fr\/unites-de-production\/zingage-et-zinc-nickel\/","og_locale":"fr_FR","og_type":"article","og_title":"Zingage et Zinc-Nickel - Silga Beyond Surfaces","og_description":"D\u00e9couvrez les proc\u00e9d\u00e9s de galvanisation et de zinc-nickel Silga sur diff\u00e9rents types de substrats m\u00e9talliques, y compris les pr\u00e9-traitements et post-traitements int\u00e9gratifs!","og_url":"https:\/\/silgagalvanica.com\/fr\/unites-de-production\/zingage-et-zinc-nickel\/","og_site_name":"Silga Beyond Surfaces","article_modified_time":"2023-09-13T15:53:36+00:00","twitter_card":"summary_large_image","twitter_misc":{"Dur\u00e9e de lecture estim\u00e9e":"2 minutes"},"schema":{"@context":"https:\/\/schema.org","@graph":[{"@type":"WebPage","@id":"https:\/\/silgagalvanica.com\/fr\/unites-de-production\/zingage-et-zinc-nickel\/","url":"https:\/\/silgagalvanica.com\/fr\/unites-de-production\/zingage-et-zinc-nickel\/","name":"Zingage et Zinc-Nickel - Silga Beyond Surfaces","isPartOf":{"@id":"https:\/\/silgagalvanica.com\/#website"},"datePublished":"2023-08-18T15:17:55+00:00","dateModified":"2023-09-13T15:53:36+00:00","description":"D\u00e9couvrez les proc\u00e9d\u00e9s de galvanisation et de zinc-nickel Silga sur diff\u00e9rents types de substrats m\u00e9talliques, y compris les pr\u00e9-traitements et post-traitements int\u00e9gratifs!","breadcrumb":{"@id":"https:\/\/silgagalvanica.com\/fr\/unites-de-production\/zingage-et-zinc-nickel\/#breadcrumb"},"inLanguage":"fr-FR","potentialAction":[{"@type":"ReadAction","target":["https:\/\/silgagalvanica.com\/fr\/unites-de-production\/zingage-et-zinc-nickel\/"]}]},{"@type":"BreadcrumbList","@id":"https:\/\/silgagalvanica.com\/fr\/unites-de-production\/zingage-et-zinc-nickel\/#breadcrumb","itemListElement":[{"@type":"ListItem","position":1,"name":"Home","item":"https:\/\/silgagalvanica.com\/fr\/"},{"@type":"ListItem","position":2,"name":"Unit\u00e9s de Production","item":"https:\/\/silgagalvanica.com\/fr\/unites-de-production\/"},{"@type":"ListItem","position":3,"name":"Zingage et Zinc-Nickel"}]},{"@type":"WebSite","@id":"https:\/\/silgagalvanica.com\/#website","url":"https:\/\/silgagalvanica.com\/","name":"Silga Beyond Surfaces","description":"Divisione Galvanica","publisher":{"@id":"https:\/\/silgagalvanica.com\/#organization"},"potentialAction":[{"@type":"SearchAction","target":{"@type":"EntryPoint","urlTemplate":"https:\/\/silgagalvanica.com\/?s={search_term_string}"},"query-input":{"@type":"PropertyValueSpecification","valueRequired":true,"valueName":"search_term_string"}}],"inLanguage":"fr-FR"},{"@type":"Organization","@id":"https:\/\/silgagalvanica.com\/#organization","name":"Silga S.p.A.","url":"https:\/\/silgagalvanica.com\/","logo":{"@type":"ImageObject","inLanguage":"fr-FR","@id":"https:\/\/silgagalvanica.com\/#\/schema\/logo\/image\/","url":"https:\/\/silgagalvanica.com\/wp-content\/uploads\/cropped-cropped-favicon-gv.ico-1.jpg","contentUrl":"https:\/\/silgagalvanica.com\/wp-content\/uploads\/cropped-cropped-favicon-gv.ico-1.jpg","width":512,"height":512,"caption":"Silga S.p.A."},"image":{"@id":"https:\/\/silgagalvanica.com\/#\/schema\/logo\/image\/"}}]}},"_links":{"self":[{"href":"https:\/\/silgagalvanica.com\/fr\/wp-json\/wp\/v2\/pages\/3412","targetHints":{"allow":["GET"]}}],"collection":[{"href":"https:\/\/silgagalvanica.com\/fr\/wp-json\/wp\/v2\/pages"}],"about":[{"href":"https:\/\/silgagalvanica.com\/fr\/wp-json\/wp\/v2\/types\/page"}],"author":[{"embeddable":true,"href":"https:\/\/silgagalvanica.com\/fr\/wp-json\/wp\/v2\/users\/1"}],"replies":[{"embeddable":true,"href":"https:\/\/silgagalvanica.com\/fr\/wp-json\/wp\/v2\/comments?post=3412"}],"version-history":[{"count":3,"href":"https:\/\/silgagalvanica.com\/fr\/wp-json\/wp\/v2\/pages\/3412\/revisions"}],"predecessor-version":[{"id":3901,"href":"https:\/\/silgagalvanica.com\/fr\/wp-json\/wp\/v2\/pages\/3412\/revisions\/3901"}],"up":[{"embeddable":true,"href":"https:\/\/silgagalvanica.com\/fr\/wp-json\/wp\/v2\/pages\/3397"}],"wp:attachment":[{"href":"https:\/\/silgagalvanica.com\/fr\/wp-json\/wp\/v2\/media?parent=3412"}],"curies":[{"name":"wp","href":"https:\/\/api.w.org\/{rel}","templated":true}]}}