{"id":3406,"date":"2023-08-18T17:01:23","date_gmt":"2023-08-18T15:01:23","guid":{"rendered":"https:\/\/silgagalvanica.com\/unites-de-production\/oxydation-anodique\/"},"modified":"2023-09-13T17:52:44","modified_gmt":"2023-09-13T15:52:44","slug":"oxydation-anodique","status":"publish","type":"page","link":"https:\/\/silgagalvanica.com\/fr\/unites-de-production\/oxydation-anodique\/","title":{"rendered":"Oxydation Anodique"},"content":{"rendered":"<section class=\"wpb-content-wrapper\"><p>[vc_row][vc_column width=\u00a0\u00bb1\/2&Prime;][vc_column_text]<\/p>\n<p style=\"text-align: justify;\"><span class=\"\">L&rsquo;unit\u00e9 de Production<\/span> Oxydation Anodique de Silga r\u00e9alise des traitements d&rsquo;anodisation sur diff\u00e9rents types d&rsquo;aluminium, des oxydations normales, neutres et dures, des traitements de passivation et de chromage, des traitements de brillantage \u00e9lectrolytique et de satinage acide, des colorations chimiques et \u00e9lectrolytiques, pour un total de plus de 80 finitions diff\u00e9rentes.<br \/>\nLa division compte 10 unit\u00e9s et utilise un syst\u00e8me multiprogramme automatique, g\u00e9r\u00e9 par un logiciel innovant, pour les traitements au cadre, ce qui permet la standardisation des proc\u00e9d\u00e9s et la r\u00e9p\u00e9tabilit\u00e9 des traitements. Le mat\u00e9riel entrant est cod\u00e9 par le code de l&rsquo;article, la quantit\u00e9 et le code de transformation, ce qui garantit la tra\u00e7abilit\u00e9 tout au long du processus industriel, depuis l&rsquo;arriv\u00e9e jusqu&rsquo;\u00e0 la livraison finale au client.<br \/>\nLa force du d\u00e9partement r\u00e9side dans sa grande flexibilit\u00e9, une caract\u00e9ristique qui lui permet d&rsquo;adapter ses traitements, tant techniques que d\u00e9coratifs, \u00e0 la transformation de tout type de petites pi\u00e8ces et de pi\u00e8ces moul\u00e9es sous pression destin\u00e9es \u00e0 divers secteurs d&rsquo;utilisation tels que l&rsquo;automobile, la m\u00e9canique, les menuiseries, la visserie, l\u2019habillement, les chaussures et la maroquinerie.<\/p>\n<p>[\/vc_column_text][vc_custom_heading text=\u00a0\u00bbInstallations et mat\u00e9riaux\u00a0\u00bb use_theme_fonts=\u00a0\u00bbyes\u00a0\u00bb][vc_column_text]<\/p>\n<p style=\"text-align: justify;\">Le d\u00e9partement d&rsquo;oxydation anodique dispose d&rsquo;une installation manuelle dot\u00e9es d&rsquo;une fonctionnalit\u00e9 multiprogramme avec l&rsquo;avancement du mat\u00e9riel en autogestion gr\u00e2ce \u00e0 un logiciel innovant qui permet de surveiller et de g\u00e9rer en permanence les temp\u00e9ratures, les temps et les courants des proc\u00e9d\u00e9s, ainsi que l&rsquo;avancement de la production.<br \/>\nLa productivit\u00e9 quotidienne est de 20 000 dm2\/jour de mat\u00e9riel de dimensions maximales de 200 x 95 x 50 cm.<\/p>\n<p style=\"text-align: justify;\">Voici les mat\u00e9riaux trait\u00e9s<\/p>\n<p style=\"text-align: justify;\"><strong>Aluminium et alliages d&rsquo;Aluminium<\/strong><\/p>\n<ul style=\"text-align: justify;\">\n<li>groupe 1000 (Aluminium) : alliages d&rsquo;aluminium pur avec d&rsquo;excellentes caract\u00e9ristiques d&rsquo;anodisation (standard et dure) et de coloration avec une bonne r\u00e9sistance \u00e0 la corrosion;<\/li>\n<li>groupe 2000 (alliages Al &#8211; cuivre) appel\u00e9s AVIONAL : alliages avec des caract\u00e9ristiques moyennes d&rsquo;anodisation (standard et dure) et de coloration avec une bonne r\u00e9sistance \u00e0 la fatigue;<\/li>\n<li>groupe 3000 (alliages Al &#8211; mangan\u00e8se) : alliages d&rsquo;aluminium avec de bonnes caract\u00e9ristiques d&rsquo;anodisation (standard et dure) et de coloration;<\/li>\n<li>groupe 4000 (alliages Al &#8211; silicium) : alliages de fonderie avec des caract\u00e9ristiques moyennes d&rsquo;anodisation (standard et dure) et de coloration;<\/li>\n<li>groupe 5000 (alliages Al &#8211; magn\u00e9sium) appel\u00e9s PERALUMAN : alliages avec de bonnes caract\u00e9ristiques d&rsquo;anodisation (standard et dure) et de coloration, une bonne r\u00e9sistance \u00e0 la corrosion et une bonne usinabilit\u00e9;<\/li>\n<li>groupe 6000 (alliages Al &#8211; silicium et magn\u00e9sium) appel\u00e9s ANTICORODAL : alliages d&rsquo;aluminium avec de bonnes caract\u00e9ristiques d&rsquo;anodisation (standard et dure) et de coloration, et une bonne r\u00e9sistance \u00e0 la corrosion;<\/li>\n<li>groupe 7000 (alliages Al &#8211; zinc et magn\u00e9sium) appel\u00e9s ERGAL : alliages d&rsquo;aluminium avec de bonnes caract\u00e9ristiques d&rsquo;anodisation (standard et dure) et de coloration et une haute r\u00e9sistance structurelle.<\/li>\n<\/ul>\n<p style=\"text-align: justify;\"><strong>Alliages d&rsquo;Aluminium moul\u00e9s sous pression<\/strong><br \/>\nIl s&rsquo;agit d&rsquo;alliages d&rsquo;aluminium obtenus par moulage sous pression et contenant diff\u00e9rents m\u00e9taux en proportions variables, tels que le silicium (Si), le cuivre (Cu), le fer (Fe), le magn\u00e9sium (Mg) et l&rsquo;\u00e9tain (Sn), qui garantissent des caract\u00e9ristiques sp\u00e9cifiques aux produits manufactur\u00e9s. L&rsquo;anodisation des alliages moul\u00e9s sous pression, point fort de Silga, est r\u00e9alis\u00e9e en appliquant une s\u00e9rie de mesures techniques et d&rsquo;ing\u00e9nierie n\u00e9cessaires pour obtenir un produit de haute qualit\u00e9.<\/p>\n<p>[\/vc_column_text][vc_btn title=\u00a0\u00bbD\u00e9couvrez les traitements\u00a0\u00bb shape=\u00a0\u00bbsquare\u00a0\u00bb link=\u00a0\u00bburl:https%3A%2F%2Fsilgagalvanica.com%2Ffr%2Ftype-traitement%2Foxydation-anodique%2F\u00a0\u00bb][\/vc_column][vc_column width=\u00a0\u00bb1\/2&Prime;][vc_single_image image=\u00a0\u00bb2287&Prime; img_size=\u00a0\u00bbfull\u00a0\u00bb][\/vc_column][\/vc_row]<\/p>\n<\/section>","protected":false},"excerpt":{"rendered":"<p>[vc_row][vc_column width=\u00a0\u00bb1\/2&Prime;][vc_column_text] L&rsquo;unit\u00e9 de Production Oxydation Anodique de Silga r\u00e9alise des traitements d&rsquo;anodisation sur diff\u00e9rents types d&rsquo;aluminium, des oxydations normales, neutres et dures, des traitements de passivation et de chromage, des traitements de brillantage \u00e9lectrolytique et de satinage acide, des colorations chimiques et \u00e9lectrolytiques, pour un total de plus de 80 finitions diff\u00e9rentes. La division<\/p>\n","protected":false},"author":1,"featured_media":0,"parent":3397,"menu_order":28,"comment_status":"closed","ping_status":"closed","template":"","meta":{"footnotes":""},"class_list":["post-3406","page","type-page","status-publish","hentry"],"yoast_head":"<!-- This site is optimized with the Yoast SEO plugin v27.2 - https:\/\/yoast.com\/product\/yoast-seo-wordpress\/ -->\n<title>Oxydation Anodique - Silga Beyond Surfaces<\/title>\n<meta name=\"description\" content=\"D\u00e9couvrez les traitements d&#039;oxydation anodique de Silga, r\u00e9alis\u00e9s sur de nombreux types d&#039;aluminium, avec plus de 80 finitions diff\u00e9rentes.\" \/>\n<meta name=\"robots\" content=\"index, follow, max-snippet:-1, max-image-preview:large, max-video-preview:-1\" \/>\n<link rel=\"canonical\" href=\"https:\/\/silgagalvanica.com\/fr\/unites-de-production\/oxydation-anodique\/\" \/>\n<meta property=\"og:locale\" content=\"fr_FR\" \/>\n<meta property=\"og:type\" content=\"article\" \/>\n<meta property=\"og:title\" content=\"Oxydation Anodique - Silga Beyond Surfaces\" \/>\n<meta property=\"og:description\" content=\"D\u00e9couvrez les traitements d&#039;oxydation anodique de Silga, r\u00e9alis\u00e9s sur de nombreux types d&#039;aluminium, avec plus de 80 finitions diff\u00e9rentes.\" \/>\n<meta property=\"og:url\" content=\"https:\/\/silgagalvanica.com\/fr\/unites-de-production\/oxydation-anodique\/\" \/>\n<meta property=\"og:site_name\" content=\"Silga Beyond Surfaces\" \/>\n<meta property=\"article:modified_time\" content=\"2023-09-13T15:52:44+00:00\" \/>\n<meta name=\"twitter:card\" content=\"summary_large_image\" \/>\n<meta name=\"twitter:label1\" content=\"Dur\u00e9e de lecture estim\u00e9e\" \/>\n\t<meta name=\"twitter:data1\" content=\"3 minutes\" \/>\n<script type=\"application\/ld+json\" class=\"yoast-schema-graph\">{\"@context\":\"https:\/\/schema.org\",\"@graph\":[{\"@type\":\"WebPage\",\"@id\":\"https:\/\/silgagalvanica.com\/fr\/unites-de-production\/oxydation-anodique\/\",\"url\":\"https:\/\/silgagalvanica.com\/fr\/unites-de-production\/oxydation-anodique\/\",\"name\":\"Oxydation Anodique - Silga Beyond Surfaces\",\"isPartOf\":{\"@id\":\"https:\/\/silgagalvanica.com\/#website\"},\"datePublished\":\"2023-08-18T15:01:23+00:00\",\"dateModified\":\"2023-09-13T15:52:44+00:00\",\"description\":\"D\u00e9couvrez les traitements d'oxydation anodique de Silga, r\u00e9alis\u00e9s sur de nombreux types d'aluminium, avec plus de 80 finitions diff\u00e9rentes.\",\"breadcrumb\":{\"@id\":\"https:\/\/silgagalvanica.com\/fr\/unites-de-production\/oxydation-anodique\/#breadcrumb\"},\"inLanguage\":\"fr-FR\",\"potentialAction\":[{\"@type\":\"ReadAction\",\"target\":[\"https:\/\/silgagalvanica.com\/fr\/unites-de-production\/oxydation-anodique\/\"]}]},{\"@type\":\"BreadcrumbList\",\"@id\":\"https:\/\/silgagalvanica.com\/fr\/unites-de-production\/oxydation-anodique\/#breadcrumb\",\"itemListElement\":[{\"@type\":\"ListItem\",\"position\":1,\"name\":\"Home\",\"item\":\"https:\/\/silgagalvanica.com\/fr\/\"},{\"@type\":\"ListItem\",\"position\":2,\"name\":\"Unit\u00e9s de Production\",\"item\":\"https:\/\/silgagalvanica.com\/fr\/unites-de-production\/\"},{\"@type\":\"ListItem\",\"position\":3,\"name\":\"Oxydation Anodique\"}]},{\"@type\":\"WebSite\",\"@id\":\"https:\/\/silgagalvanica.com\/#website\",\"url\":\"https:\/\/silgagalvanica.com\/\",\"name\":\"Silga Beyond Surfaces\",\"description\":\"Divisione Galvanica\",\"publisher\":{\"@id\":\"https:\/\/silgagalvanica.com\/#organization\"},\"potentialAction\":[{\"@type\":\"SearchAction\",\"target\":{\"@type\":\"EntryPoint\",\"urlTemplate\":\"https:\/\/silgagalvanica.com\/?s={search_term_string}\"},\"query-input\":{\"@type\":\"PropertyValueSpecification\",\"valueRequired\":true,\"valueName\":\"search_term_string\"}}],\"inLanguage\":\"fr-FR\"},{\"@type\":\"Organization\",\"@id\":\"https:\/\/silgagalvanica.com\/#organization\",\"name\":\"Silga S.p.A.\",\"url\":\"https:\/\/silgagalvanica.com\/\",\"logo\":{\"@type\":\"ImageObject\",\"inLanguage\":\"fr-FR\",\"@id\":\"https:\/\/silgagalvanica.com\/#\/schema\/logo\/image\/\",\"url\":\"https:\/\/silgagalvanica.com\/wp-content\/uploads\/cropped-cropped-favicon-gv.ico-1.jpg\",\"contentUrl\":\"https:\/\/silgagalvanica.com\/wp-content\/uploads\/cropped-cropped-favicon-gv.ico-1.jpg\",\"width\":512,\"height\":512,\"caption\":\"Silga S.p.A.\"},\"image\":{\"@id\":\"https:\/\/silgagalvanica.com\/#\/schema\/logo\/image\/\"}}]}<\/script>\n<!-- \/ Yoast SEO plugin. -->","yoast_head_json":{"title":"Oxydation Anodique - Silga Beyond Surfaces","description":"D\u00e9couvrez les traitements d'oxydation anodique de Silga, r\u00e9alis\u00e9s sur de nombreux types d'aluminium, avec plus de 80 finitions diff\u00e9rentes.","robots":{"index":"index","follow":"follow","max-snippet":"max-snippet:-1","max-image-preview":"max-image-preview:large","max-video-preview":"max-video-preview:-1"},"canonical":"https:\/\/silgagalvanica.com\/fr\/unites-de-production\/oxydation-anodique\/","og_locale":"fr_FR","og_type":"article","og_title":"Oxydation Anodique - Silga Beyond Surfaces","og_description":"D\u00e9couvrez les traitements d'oxydation anodique de Silga, r\u00e9alis\u00e9s sur de nombreux types d'aluminium, avec plus de 80 finitions diff\u00e9rentes.","og_url":"https:\/\/silgagalvanica.com\/fr\/unites-de-production\/oxydation-anodique\/","og_site_name":"Silga Beyond Surfaces","article_modified_time":"2023-09-13T15:52:44+00:00","twitter_card":"summary_large_image","twitter_misc":{"Dur\u00e9e de lecture estim\u00e9e":"3 minutes"},"schema":{"@context":"https:\/\/schema.org","@graph":[{"@type":"WebPage","@id":"https:\/\/silgagalvanica.com\/fr\/unites-de-production\/oxydation-anodique\/","url":"https:\/\/silgagalvanica.com\/fr\/unites-de-production\/oxydation-anodique\/","name":"Oxydation Anodique - Silga Beyond Surfaces","isPartOf":{"@id":"https:\/\/silgagalvanica.com\/#website"},"datePublished":"2023-08-18T15:01:23+00:00","dateModified":"2023-09-13T15:52:44+00:00","description":"D\u00e9couvrez les traitements d'oxydation anodique de Silga, r\u00e9alis\u00e9s sur de nombreux types d'aluminium, avec plus de 80 finitions diff\u00e9rentes.","breadcrumb":{"@id":"https:\/\/silgagalvanica.com\/fr\/unites-de-production\/oxydation-anodique\/#breadcrumb"},"inLanguage":"fr-FR","potentialAction":[{"@type":"ReadAction","target":["https:\/\/silgagalvanica.com\/fr\/unites-de-production\/oxydation-anodique\/"]}]},{"@type":"BreadcrumbList","@id":"https:\/\/silgagalvanica.com\/fr\/unites-de-production\/oxydation-anodique\/#breadcrumb","itemListElement":[{"@type":"ListItem","position":1,"name":"Home","item":"https:\/\/silgagalvanica.com\/fr\/"},{"@type":"ListItem","position":2,"name":"Unit\u00e9s de Production","item":"https:\/\/silgagalvanica.com\/fr\/unites-de-production\/"},{"@type":"ListItem","position":3,"name":"Oxydation Anodique"}]},{"@type":"WebSite","@id":"https:\/\/silgagalvanica.com\/#website","url":"https:\/\/silgagalvanica.com\/","name":"Silga Beyond Surfaces","description":"Divisione Galvanica","publisher":{"@id":"https:\/\/silgagalvanica.com\/#organization"},"potentialAction":[{"@type":"SearchAction","target":{"@type":"EntryPoint","urlTemplate":"https:\/\/silgagalvanica.com\/?s={search_term_string}"},"query-input":{"@type":"PropertyValueSpecification","valueRequired":true,"valueName":"search_term_string"}}],"inLanguage":"fr-FR"},{"@type":"Organization","@id":"https:\/\/silgagalvanica.com\/#organization","name":"Silga S.p.A.","url":"https:\/\/silgagalvanica.com\/","logo":{"@type":"ImageObject","inLanguage":"fr-FR","@id":"https:\/\/silgagalvanica.com\/#\/schema\/logo\/image\/","url":"https:\/\/silgagalvanica.com\/wp-content\/uploads\/cropped-cropped-favicon-gv.ico-1.jpg","contentUrl":"https:\/\/silgagalvanica.com\/wp-content\/uploads\/cropped-cropped-favicon-gv.ico-1.jpg","width":512,"height":512,"caption":"Silga S.p.A."},"image":{"@id":"https:\/\/silgagalvanica.com\/#\/schema\/logo\/image\/"}}]}},"_links":{"self":[{"href":"https:\/\/silgagalvanica.com\/fr\/wp-json\/wp\/v2\/pages\/3406","targetHints":{"allow":["GET"]}}],"collection":[{"href":"https:\/\/silgagalvanica.com\/fr\/wp-json\/wp\/v2\/pages"}],"about":[{"href":"https:\/\/silgagalvanica.com\/fr\/wp-json\/wp\/v2\/types\/page"}],"author":[{"embeddable":true,"href":"https:\/\/silgagalvanica.com\/fr\/wp-json\/wp\/v2\/users\/1"}],"replies":[{"embeddable":true,"href":"https:\/\/silgagalvanica.com\/fr\/wp-json\/wp\/v2\/comments?post=3406"}],"version-history":[{"count":3,"href":"https:\/\/silgagalvanica.com\/fr\/wp-json\/wp\/v2\/pages\/3406\/revisions"}],"predecessor-version":[{"id":3900,"href":"https:\/\/silgagalvanica.com\/fr\/wp-json\/wp\/v2\/pages\/3406\/revisions\/3900"}],"up":[{"embeddable":true,"href":"https:\/\/silgagalvanica.com\/fr\/wp-json\/wp\/v2\/pages\/3397"}],"wp:attachment":[{"href":"https:\/\/silgagalvanica.com\/fr\/wp-json\/wp\/v2\/media?parent=3406"}],"curies":[{"name":"wp","href":"https:\/\/api.w.org\/{rel}","templated":true}]}}