{"id":3400,"date":"2023-08-18T16:53:37","date_gmt":"2023-08-18T14:53:37","guid":{"rendered":"https:\/\/silgagalvanica.com\/unites-de-production\/galvanisation-technique-et-decorative\/"},"modified":"2023-09-13T17:51:32","modified_gmt":"2023-09-13T15:51:32","slug":"galvanisation-technique-et-decorative","status":"publish","type":"page","link":"https:\/\/silgagalvanica.com\/fr\/unites-de-production\/galvanisation-technique-et-decorative\/","title":{"rendered":"Galvanisation Technique et D\u00e9corative"},"content":{"rendered":"<section class=\"wpb-content-wrapper\"><p>[vc_row][vc_column width=\u00a0\u00bb2\/3&Prime;][vc_column_text]<span class=\"\">L&rsquo;Unit\u00e9 de Production<\/span> de Galvanisation Technique et D\u00e9corative de Silga r\u00e9alise, par des proc\u00e9d\u00e9s d&rsquo;\u00e9lectrod\u00e9position, des traitements d&rsquo;argenture, de laitonnage, de cuivrage, de nickelage, de chromage, d&rsquo;\u00e9tamage, de canon de fusil, de dorure et d&rsquo;autres m\u00e9taux pr\u00e9cieux, ainsi que des finitions sp\u00e9ciales et des finitions sans nickel (nichel free).<br \/>\nLa division compte 100 unit\u00e9s de travail et utilise des installations manuelles, semi-automatiques et automatiques multiprogrammes avec un syst\u00e8me de gestion bas\u00e9 sur un logiciel innovant, des installations pour le traitement statique au cadre et des installations au tonneau rotatif. Le mat\u00e9riel entrant est cod\u00e9 par le code de l&rsquo;article, la quantit\u00e9 et le code de transformation, ce qui garantit la tra\u00e7abilit\u00e9 tout au long du processus industriel, depuis l&rsquo;arriv\u00e9e jusqu&rsquo;\u00e0 la livraison finale au client.<br \/>\nLes points forts des d\u00e9partements de cette division sont la haute qualit\u00e9 des traitements, la vaste gamme de finitions r\u00e9alis\u00e9es, plus de 350 techniques et d\u00e9corations, la capacit\u00e9 de traiter diff\u00e9rents types de substrats m\u00e9talliques, l&rsquo;expertise technique et l&rsquo;exp\u00e9rience du personnel, la r\u00e9p\u00e9tabilit\u00e9 des traitements, la vaste gamme de cadres et la capacit\u00e9 de production tr\u00e8s \u00e9lev\u00e9e.[\/vc_column_text][vc_custom_heading text=\u00a0\u00bbInstallations et mat\u00e9riaux\u00a0\u00bb use_theme_fonts=\u00a0\u00bbyes\u00a0\u00bb][vc_column_text]La Division Galvanisation Technique et d\u00e9corative dispose de plusieurs installations manuelles, semi-automatiques et automatiques dot\u00e9es d&rsquo;une fonctionnalit\u00e9 multiprogramme avec l&rsquo;avancement du mat\u00e9riel en autogestion gr\u00e2ce \u00e0 un logiciel innovant qui permet de surveiller et de g\u00e9rer en permanence les temp\u00e9ratures, les temps et les courants des proc\u00e9d\u00e9s, ainsi que l&rsquo;avancement de la production.<br \/>\n<strong>Installations au cadre<\/strong>: <strong>4 installations<\/strong> multiprogrammes automatiques g\u00e9r\u00e9es par un logiciel innovant.<br \/>\n<strong>Installations au tonneau rotatif<\/strong>: <strong>15 installations<\/strong> &#8211; installations automatiques multiprogrammes g\u00e9r\u00e9es par un logiciel innovant, automatiques et manuelles.<br \/>\nLa productivit\u00e9 quotidienne est de 40 000 dm2\/jour pour les traitements au cadre et de 800 quintaux\/jour pour les traitements au tonneau rotatif.<br \/>\nLes proc\u00e9d\u00e9s techniques de galvanisation sont applicables aux substrats m\u00e9talliques suivants<br \/>\n<strong>Acier et ses alliages<\/strong>: aciers doux et durs, aciers inox, aciers alli\u00e9s, fontes, aciers trait\u00e9s thermiquement et en surface, etc.;<br \/>\n<strong>Cuivre et ses alliages<\/strong>: laiton, cuivre et bronze;<br \/>\n<strong>Zamak<\/strong>.[\/vc_column_text][vc_btn title=\u00a0\u00bbD\u00e9couvrez les traitements\u00a0\u00bb shape=\u00a0\u00bbsquare\u00a0\u00bb link=\u00a0\u00bburl:https%3A%2F%2Fsilgagalvanica.com%2Ffr%2Ftype-traitement%2Fgalvanisation-technique-et-decorative%2F\u00a0\u00bb][\/vc_column][vc_column width=\u00a0\u00bb1\/3&Prime;][vc_single_image image=\u00a0\u00bb2319&Prime; img_size=\u00a0\u00bbfull\u00a0\u00bb][vc_single_image image=\u00a0\u00bb2321&Prime; img_size=\u00a0\u00bbfull\u00a0\u00bb][\/vc_column][\/vc_row]<\/p>\n<\/section>","protected":false},"excerpt":{"rendered":"<p>[vc_row][vc_column width=\u00a0\u00bb2\/3&Prime;][vc_column_text]L&rsquo;Unit\u00e9 de Production de Galvanisation Technique et D\u00e9corative de Silga r\u00e9alise, par des proc\u00e9d\u00e9s d&rsquo;\u00e9lectrod\u00e9position, des traitements d&rsquo;argenture, de laitonnage, de cuivrage, de nickelage, de chromage, d&rsquo;\u00e9tamage, de canon de fusil, de dorure et d&rsquo;autres m\u00e9taux pr\u00e9cieux, ainsi que des finitions sp\u00e9ciales et des finitions sans nickel (nichel free). La division compte 100 unit\u00e9s<\/p>\n","protected":false},"author":1,"featured_media":0,"parent":3397,"menu_order":29,"comment_status":"closed","ping_status":"closed","template":"","meta":{"footnotes":""},"class_list":["post-3400","page","type-page","status-publish","hentry"],"yoast_head":"<!-- This site is optimized with the Yoast SEO plugin v27.2 - https:\/\/yoast.com\/product\/yoast-seo-wordpress\/ -->\n<title>Galvanisation Technique et D\u00e9corative - Silga Beyond Surfaces<\/title>\n<meta name=\"robots\" content=\"index, follow, max-snippet:-1, max-image-preview:large, max-video-preview:-1\" \/>\n<link rel=\"canonical\" href=\"https:\/\/silgagalvanica.com\/fr\/unites-de-production\/galvanisation-technique-et-decorative\/\" \/>\n<meta property=\"og:locale\" content=\"fr_FR\" \/>\n<meta property=\"og:type\" content=\"article\" \/>\n<meta property=\"og:title\" content=\"Galvanisation Technique et D\u00e9corative - Silga Beyond Surfaces\" \/>\n<meta property=\"og:description\" content=\"[vc_row][vc_column width=\u00a0\u00bb2\/3&Prime;][vc_column_text]L&rsquo;Unit\u00e9 de Production de Galvanisation Technique et D\u00e9corative de Silga r\u00e9alise, par des proc\u00e9d\u00e9s d&rsquo;\u00e9lectrod\u00e9position, des traitements d&rsquo;argenture, de laitonnage, de cuivrage, de nickelage, de chromage, d&rsquo;\u00e9tamage, de canon de fusil, de dorure et d&rsquo;autres m\u00e9taux pr\u00e9cieux, ainsi que des finitions sp\u00e9ciales et des finitions sans nickel (nichel free). La division compte 100 unit\u00e9s\" \/>\n<meta property=\"og:url\" content=\"https:\/\/silgagalvanica.com\/fr\/unites-de-production\/galvanisation-technique-et-decorative\/\" \/>\n<meta property=\"og:site_name\" content=\"Silga Beyond Surfaces\" \/>\n<meta property=\"article:modified_time\" content=\"2023-09-13T15:51:32+00:00\" \/>\n<meta name=\"twitter:card\" content=\"summary_large_image\" \/>\n<meta name=\"twitter:label1\" content=\"Dur\u00e9e de lecture estim\u00e9e\" \/>\n\t<meta name=\"twitter:data1\" content=\"2 minutes\" \/>\n<script type=\"application\/ld+json\" class=\"yoast-schema-graph\">{\"@context\":\"https:\/\/schema.org\",\"@graph\":[{\"@type\":\"WebPage\",\"@id\":\"https:\/\/silgagalvanica.com\/fr\/unites-de-production\/galvanisation-technique-et-decorative\/\",\"url\":\"https:\/\/silgagalvanica.com\/fr\/unites-de-production\/galvanisation-technique-et-decorative\/\",\"name\":\"Galvanisation Technique et D\u00e9corative - Silga Beyond Surfaces\",\"isPartOf\":{\"@id\":\"https:\/\/silgagalvanica.com\/#website\"},\"datePublished\":\"2023-08-18T14:53:37+00:00\",\"dateModified\":\"2023-09-13T15:51:32+00:00\",\"breadcrumb\":{\"@id\":\"https:\/\/silgagalvanica.com\/fr\/unites-de-production\/galvanisation-technique-et-decorative\/#breadcrumb\"},\"inLanguage\":\"fr-FR\",\"potentialAction\":[{\"@type\":\"ReadAction\",\"target\":[\"https:\/\/silgagalvanica.com\/fr\/unites-de-production\/galvanisation-technique-et-decorative\/\"]}]},{\"@type\":\"BreadcrumbList\",\"@id\":\"https:\/\/silgagalvanica.com\/fr\/unites-de-production\/galvanisation-technique-et-decorative\/#breadcrumb\",\"itemListElement\":[{\"@type\":\"ListItem\",\"position\":1,\"name\":\"Home\",\"item\":\"https:\/\/silgagalvanica.com\/fr\/\"},{\"@type\":\"ListItem\",\"position\":2,\"name\":\"Unit\u00e9s de Production\",\"item\":\"https:\/\/silgagalvanica.com\/fr\/unites-de-production\/\"},{\"@type\":\"ListItem\",\"position\":3,\"name\":\"Galvanisation Technique et D\u00e9corative\"}]},{\"@type\":\"WebSite\",\"@id\":\"https:\/\/silgagalvanica.com\/#website\",\"url\":\"https:\/\/silgagalvanica.com\/\",\"name\":\"Silga Beyond Surfaces\",\"description\":\"Divisione Galvanica\",\"publisher\":{\"@id\":\"https:\/\/silgagalvanica.com\/#organization\"},\"potentialAction\":[{\"@type\":\"SearchAction\",\"target\":{\"@type\":\"EntryPoint\",\"urlTemplate\":\"https:\/\/silgagalvanica.com\/?s={search_term_string}\"},\"query-input\":{\"@type\":\"PropertyValueSpecification\",\"valueRequired\":true,\"valueName\":\"search_term_string\"}}],\"inLanguage\":\"fr-FR\"},{\"@type\":\"Organization\",\"@id\":\"https:\/\/silgagalvanica.com\/#organization\",\"name\":\"Silga S.p.A.\",\"url\":\"https:\/\/silgagalvanica.com\/\",\"logo\":{\"@type\":\"ImageObject\",\"inLanguage\":\"fr-FR\",\"@id\":\"https:\/\/silgagalvanica.com\/#\/schema\/logo\/image\/\",\"url\":\"https:\/\/silgagalvanica.com\/wp-content\/uploads\/cropped-cropped-favicon-gv.ico-1.jpg\",\"contentUrl\":\"https:\/\/silgagalvanica.com\/wp-content\/uploads\/cropped-cropped-favicon-gv.ico-1.jpg\",\"width\":512,\"height\":512,\"caption\":\"Silga S.p.A.\"},\"image\":{\"@id\":\"https:\/\/silgagalvanica.com\/#\/schema\/logo\/image\/\"}}]}<\/script>\n<!-- \/ Yoast SEO plugin. -->","yoast_head_json":{"title":"Galvanisation Technique et D\u00e9corative - Silga Beyond Surfaces","robots":{"index":"index","follow":"follow","max-snippet":"max-snippet:-1","max-image-preview":"max-image-preview:large","max-video-preview":"max-video-preview:-1"},"canonical":"https:\/\/silgagalvanica.com\/fr\/unites-de-production\/galvanisation-technique-et-decorative\/","og_locale":"fr_FR","og_type":"article","og_title":"Galvanisation Technique et D\u00e9corative - Silga Beyond Surfaces","og_description":"[vc_row][vc_column width=\u00a0\u00bb2\/3&Prime;][vc_column_text]L&rsquo;Unit\u00e9 de Production de Galvanisation Technique et D\u00e9corative de Silga r\u00e9alise, par des proc\u00e9d\u00e9s d&rsquo;\u00e9lectrod\u00e9position, des traitements d&rsquo;argenture, de laitonnage, de cuivrage, de nickelage, de chromage, d&rsquo;\u00e9tamage, de canon de fusil, de dorure et d&rsquo;autres m\u00e9taux pr\u00e9cieux, ainsi que des finitions sp\u00e9ciales et des finitions sans nickel (nichel free). La division compte 100 unit\u00e9s","og_url":"https:\/\/silgagalvanica.com\/fr\/unites-de-production\/galvanisation-technique-et-decorative\/","og_site_name":"Silga Beyond Surfaces","article_modified_time":"2023-09-13T15:51:32+00:00","twitter_card":"summary_large_image","twitter_misc":{"Dur\u00e9e de lecture estim\u00e9e":"2 minutes"},"schema":{"@context":"https:\/\/schema.org","@graph":[{"@type":"WebPage","@id":"https:\/\/silgagalvanica.com\/fr\/unites-de-production\/galvanisation-technique-et-decorative\/","url":"https:\/\/silgagalvanica.com\/fr\/unites-de-production\/galvanisation-technique-et-decorative\/","name":"Galvanisation Technique et D\u00e9corative - Silga Beyond Surfaces","isPartOf":{"@id":"https:\/\/silgagalvanica.com\/#website"},"datePublished":"2023-08-18T14:53:37+00:00","dateModified":"2023-09-13T15:51:32+00:00","breadcrumb":{"@id":"https:\/\/silgagalvanica.com\/fr\/unites-de-production\/galvanisation-technique-et-decorative\/#breadcrumb"},"inLanguage":"fr-FR","potentialAction":[{"@type":"ReadAction","target":["https:\/\/silgagalvanica.com\/fr\/unites-de-production\/galvanisation-technique-et-decorative\/"]}]},{"@type":"BreadcrumbList","@id":"https:\/\/silgagalvanica.com\/fr\/unites-de-production\/galvanisation-technique-et-decorative\/#breadcrumb","itemListElement":[{"@type":"ListItem","position":1,"name":"Home","item":"https:\/\/silgagalvanica.com\/fr\/"},{"@type":"ListItem","position":2,"name":"Unit\u00e9s de Production","item":"https:\/\/silgagalvanica.com\/fr\/unites-de-production\/"},{"@type":"ListItem","position":3,"name":"Galvanisation Technique et D\u00e9corative"}]},{"@type":"WebSite","@id":"https:\/\/silgagalvanica.com\/#website","url":"https:\/\/silgagalvanica.com\/","name":"Silga Beyond Surfaces","description":"Divisione Galvanica","publisher":{"@id":"https:\/\/silgagalvanica.com\/#organization"},"potentialAction":[{"@type":"SearchAction","target":{"@type":"EntryPoint","urlTemplate":"https:\/\/silgagalvanica.com\/?s={search_term_string}"},"query-input":{"@type":"PropertyValueSpecification","valueRequired":true,"valueName":"search_term_string"}}],"inLanguage":"fr-FR"},{"@type":"Organization","@id":"https:\/\/silgagalvanica.com\/#organization","name":"Silga S.p.A.","url":"https:\/\/silgagalvanica.com\/","logo":{"@type":"ImageObject","inLanguage":"fr-FR","@id":"https:\/\/silgagalvanica.com\/#\/schema\/logo\/image\/","url":"https:\/\/silgagalvanica.com\/wp-content\/uploads\/cropped-cropped-favicon-gv.ico-1.jpg","contentUrl":"https:\/\/silgagalvanica.com\/wp-content\/uploads\/cropped-cropped-favicon-gv.ico-1.jpg","width":512,"height":512,"caption":"Silga S.p.A."},"image":{"@id":"https:\/\/silgagalvanica.com\/#\/schema\/logo\/image\/"}}]}},"_links":{"self":[{"href":"https:\/\/silgagalvanica.com\/fr\/wp-json\/wp\/v2\/pages\/3400","targetHints":{"allow":["GET"]}}],"collection":[{"href":"https:\/\/silgagalvanica.com\/fr\/wp-json\/wp\/v2\/pages"}],"about":[{"href":"https:\/\/silgagalvanica.com\/fr\/wp-json\/wp\/v2\/types\/page"}],"author":[{"embeddable":true,"href":"https:\/\/silgagalvanica.com\/fr\/wp-json\/wp\/v2\/users\/1"}],"replies":[{"embeddable":true,"href":"https:\/\/silgagalvanica.com\/fr\/wp-json\/wp\/v2\/comments?post=3400"}],"version-history":[{"count":4,"href":"https:\/\/silgagalvanica.com\/fr\/wp-json\/wp\/v2\/pages\/3400\/revisions"}],"predecessor-version":[{"id":3899,"href":"https:\/\/silgagalvanica.com\/fr\/wp-json\/wp\/v2\/pages\/3400\/revisions\/3899"}],"up":[{"embeddable":true,"href":"https:\/\/silgagalvanica.com\/fr\/wp-json\/wp\/v2\/pages\/3397"}],"wp:attachment":[{"href":"https:\/\/silgagalvanica.com\/fr\/wp-json\/wp\/v2\/media?parent=3400"}],"curies":[{"name":"wp","href":"https:\/\/api.w.org\/{rel}","templated":true}]}}