{"id":3394,"date":"2023-08-18T16:23:37","date_gmt":"2023-08-18T14:23:37","guid":{"rendered":"https:\/\/silgagalvanica.com\/sites-et-contacts\/"},"modified":"2024-05-14T12:36:40","modified_gmt":"2024-05-14T10:36:40","slug":"sites-et-contacts","status":"publish","type":"page","link":"https:\/\/silgagalvanica.com\/fr\/sites-et-contacts\/","title":{"rendered":"Sites et contacts"},"content":{"rendered":"<section class=\"wpb-content-wrapper\"><p>[vc_row css=\u00a0\u00bb.vc_custom_1595864215558{padding-bottom: 100px !important;}\u00a0\u00bb][vc_column offset=\u00a0\u00bbvc_col-lg-8 vc_col-md-12&Prime;]<div class=\"section-title-wrapper shortcode-rand-1 factrie-inline-css\" data-css=\"&quot;.shortcode-rand-1 .section-title { text-transform: uppercase; }&quot;\"><div class=\"title-wrap\"><h3 class=\"section-title\">Silga S.p.A.<\/h3><span class=\"sub-title\">Division Galvanisation Technique et D\u00e9corative et Oxydation Anodique<\/span><\/div><!-- .title-wrap --><div class=\"section-description\"><\/div><!-- .section-description --><\/div><!-- .section-title-wrapper -->[vc_column_text]<i class=\"fa fa-map-marker\" style=\"color: #b00060;\"><\/i> Via Carlo Marx, 54<br \/>\nZona Ind.le ACQUAVIVA<br \/>\nI-60022 Castelfidardo (AN), Marche<\/p>\n<p>Num\u00e9ro de TVA 00092270420<\/p>\n<p><i class=\"fa fa-phone\" style=\"color: #b00060;\"><\/i> Tel +39 071 723971<br \/>\nFax +39 071 7239820<\/p>\n<p><i class=\"fa fa-envelope\" style=\"color: #b00060;\"><\/i> <a href=\"mailto:galvanica@silga.com\">galvanica@silga.com<\/a><\/p>\n<p><i class=\"fa fa-linkedin-square\" style=\"color: #b00060;\"><\/i> <a href=\"https:\/\/www.linkedin.com\/company\/silga-galvanica\" target=\"_blank\" rel=\"noopener noreferrer\">Page Linkedin<\/a>[\/vc_column_text][\/vc_column][vc_column offset=\u00a0\u00bbvc_col-lg-4 vc_col-md-12&Prime; el_class=\u00a0\u00bbpl-lg-4&Prime;][vc_gmaps link=\u00a0\u00bb#E-8_JTNDaWZyYW1lJTIwc3JjJTNEJTIyaHR0cHMlM0ElMkYlMkZ3d3cuZ29vZ2xlLmNvbSUyRm1hcHMlMkZlbWJlZCUzRnBiJTNEJTIxMW0xOCUyMTFtMTIlMjExbTMlMjExZDI4OTYuMjY1MTY2OTgzMDQ5JTIxMmQxMy41ODE3MDI1NzY1NTg2ODIlMjEzZDQzLjQ1NTA2MDk2NTIyMjgwNiUyMTJtMyUyMTFmMCUyMTJmMCUyMTNmMCUyMTNtMiUyMTFpMTAyNCUyMTJpNzY4JTIxNGYxMy4xJTIxM20zJTIxMW0yJTIxMXMweDEzMzI3ODRhMTQ1OTI0NmIlMjUzQTB4NGFkZTkzMWYxYjc5NzFkZCUyMTJzU2lsZ2ElMjUyMFMucC5hLiUyMTVlMCUyMTNtMiUyMTFzaXQlMjEyc2l0JTIxNHYxNjk5OTQ3OTYxODkxJTIxNW0yJTIxMXNpdCUyMTJzaXQlMjIlMjB3aWR0aCUzRCUyMjYwMCUyMiUyMGhlaWdodCUzRCUyMjQ1MCUyMiUyMHN0eWxlJTNEJTIyYm9yZGVyJTNBMCUzQiUyMiUyMGFsbG93ZnVsbHNjcmVlbiUzQyUyRmlmcmFtZSUzRQ==\u00a0\u00bb][vc_column_text]<iframe loading=\"lazy\" style=\"border: 0;\" tabindex=\"0\" src=\"https:\/\/www.google.com\/maps\/embed?pb=!1m14!1m8!1m3!1d5792.498337171412!2d13.585083!3d43.455395!3m2!1i1024!2i768!4f13.1!3m3!1m2!1s0x0%3A0x4ade931f1b7971dd!2sSilga%20S.p.a.!5e0!3m2!1sit!2sit!4v1595863894680!5m2!1sit!2sit\" width=\"600\" height=\"450\" frameborder=\"0\" allowfullscreen=\"allowfullscreen\" aria-hidden=\"false\"><\/iframe>[\/vc_column_text][vc_empty_space][\/vc_column][\/vc_row][vc_row css=\u00a0\u00bb.vc_custom_1595864234594{padding-bottom: 100px !important;}\u00a0\u00bb][vc_column offset=\u00a0\u00bbvc_col-lg-8 vc_col-md-12&Prime;]<div class=\"section-title-wrapper shortcode-rand-2 factrie-inline-css\" data-css=\"&quot;.shortcode-rand-2 .section-title { text-transform: uppercase; }&quot;\"><div class=\"title-wrap\"><h3 class=\"section-title\"><\/h3><span class=\"sub-title\">Division Galvanisation<\/span><\/div><!-- .title-wrap --><div class=\"section-description\"><\/div><!-- .section-description --><\/div><!-- .section-title-wrapper -->[vc_column_text]<i class=\"fa fa-map-marker\" style=\"color: #b00060;\"><\/i> Via Oliviero Pigini, 25<br \/>\nZona Ind.le CERRETANO<br \/>\nI-60022 Castelfidardo (AN), Marche<\/p>\n<p>Num\u00e9ro de TVA 00092270420<\/p>\n<p><i class=\"fa fa-phone\" style=\"color: #b00060;\"><\/i> Tel +39 071 723971<br \/>\nFax +39 071 780978<\/p>\n<p><i class=\"fa fa-envelope\" style=\"color: #b00060;\"><\/i> <a href=\"mailto:galvanica@silga.com\">galvanica@silga.com<\/a>[\/vc_column_text][\/vc_column][vc_column offset=\u00a0\u00bbvc_col-lg-4 vc_col-md-12&Prime; el_class=\u00a0\u00bbpl-lg-4&Prime;][vc_gmaps link=\u00a0\u00bb#E-8_JTNDaWZyYW1lJTIwc3JjJTNEJTIyaHR0cHMlM0ElMkYlMkZ3d3cuZ29vZ2xlLmNvbSUyRm1hcHMlMkZlbWJlZCUzRnBiJTNEJTIxMW0xOCUyMTFtMTIlMjExbTMlMjExZDI4OTYuNjE4NDY4NDc5MDk1JTIxMmQxMy41MzM2MTk5NzY1NTgzOCUyMTNkNDMuNDQ3NjgzNzY1Njk4MyUyMTJtMyUyMTFmMCUyMTJmMCUyMTNmMCUyMTNtMiUyMTFpMTAyNCUyMTJpNzY4JTIxNGYxMy4xJTIxM20zJTIxMW0yJTIxMXMweDEzMmQ4N2ZiYmVlYWRjY2QlMjUzQTB4ZDIzODczMzk1ODcyOGVhNyUyMTJzU2lsZ2ElMjE1ZTAlMjEzbTIlMjExc2l0JTIxMnNpdCUyMTR2MTY5OTk0Nzk5NzczNyUyMTVtMiUyMTFzaXQlMjEyc2l0JTIyJTIwd2lkdGglM0QlMjI2MDAlMjIlMjBoZWlnaHQlM0QlMjI0NTAlMjIlMjBzdHlsZSUzRCUyMmJvcmRlciUzQTAlM0IlMjIlMjBhbGxvd2Z1bGxzY3JlZW4lM0MlMkZpZnJhbWUlM0U=\u00a0\u00bb][vc_column_text]<iframe loading=\"lazy\" style=\"border: 0;\" tabindex=\"0\" src=\"https:\/\/www.google.com\/maps\/embed?pb=!1m18!1m12!1m3!1d2896.6238216808683!2d13.53450831586077!3d43.44757197912898!2m3!1f0!2f0!3f0!3m2!1i1024!2i768!4f13.1!3m3!1m2!1s0x132d87fbbeeadccd%3A0xd238733958728ea7!2sSilga!5e0!3m2!1sit!2sit!4v1596617092154!5m2!1sit!2sit\" width=\"600\" height=\"450\" frameborder=\"0\" allowfullscreen=\"allowfullscreen\" aria-hidden=\"false\"><\/iframe>[\/vc_column_text][vc_empty_space][\/vc_column][\/vc_row][vc_row][vc_column][vc_custom_heading text=\u00a0\u00bbContactez-nous\u00a0\u00bb font_container=\u00a0\u00bbtag:h3|text_align:left\u00a0\u00bb use_theme_fonts=\u00a0\u00bbyes\u00a0\u00bb]\n<div class=\"wpcf7 no-js\" id=\"wpcf7-f3433-o1\" lang=\"fr-FR\" dir=\"ltr\" data-wpcf7-id=\"3433\">\n<div class=\"screen-reader-response\"><p role=\"status\" aria-live=\"polite\" aria-atomic=\"true\"><\/p> <ul><\/ul><\/div>\n<form action=\"\/fr\/wp-json\/wp\/v2\/pages\/3394#wpcf7-f3433-o1\" method=\"post\" class=\"wpcf7-form init\" aria-label=\"Formulaire de contact\" novalidate=\"novalidate\" data-status=\"init\">\n<fieldset class=\"hidden-fields-container\"><input type=\"hidden\" name=\"_wpcf7\" value=\"3433\" \/><input type=\"hidden\" name=\"_wpcf7_version\" value=\"6.1.5\" \/><input type=\"hidden\" name=\"_wpcf7_locale\" value=\"fr_FR\" \/><input type=\"hidden\" name=\"_wpcf7_unit_tag\" value=\"wpcf7-f3433-o1\" \/><input type=\"hidden\" name=\"_wpcf7_container_post\" value=\"0\" \/><input type=\"hidden\" name=\"_wpcf7_posted_data_hash\" value=\"\" \/><input type=\"hidden\" name=\"_wpcf7_recaptcha_response\" value=\"\" \/>\n<\/fieldset>\n<p><label> Votre nom (obligatoire)<br \/>\n<span class=\"wpcf7-form-control-wrap\" data-name=\"your-name\"><input size=\"40\" maxlength=\"400\" class=\"wpcf7-form-control wpcf7-text wpcf7-validates-as-required\" aria-required=\"true\" aria-invalid=\"false\" value=\"\" type=\"text\" name=\"your-name\" \/><\/span> <\/label>\n<\/p>\n<p><label> Votre e-mail (obligatoire)<br \/>\n<span class=\"wpcf7-form-control-wrap\" data-name=\"your-email\"><input size=\"40\" maxlength=\"400\" class=\"wpcf7-form-control wpcf7-email wpcf7-validates-as-required wpcf7-text wpcf7-validates-as-email\" aria-required=\"true\" aria-invalid=\"false\" value=\"\" type=\"email\" name=\"your-email\" \/><\/span> <\/label>\n<\/p>\n<p><label> Objet<br \/>\n<span class=\"wpcf7-form-control-wrap\" data-name=\"your-subject\"><input size=\"40\" maxlength=\"400\" class=\"wpcf7-form-control wpcf7-text\" aria-invalid=\"false\" value=\"\" type=\"text\" name=\"your-subject\" \/><\/span> <\/label>\n<\/p>\n<p><label> Votre message<br \/>\n<span class=\"wpcf7-form-control-wrap\" data-name=\"your-message\"><textarea cols=\"40\" rows=\"10\" maxlength=\"2000\" class=\"wpcf7-form-control wpcf7-textarea\" aria-invalid=\"false\" name=\"your-message\"><\/textarea><\/span> <\/label>\n<\/p>\n<div class=\"gruppo-consensi u-link\" style=\"font-size: 10px; font-color: #b1b1b1; line-height: 12px;\">\n\t<p><span style=\"font-weight:500\">TERMES ET CONDITIONS (obligatoire)<\/span><br \/>\n<span class=\"wpcf7-form-control-wrap\" data-name=\"accettazione-gdpr\"><span class=\"wpcf7-form-control wpcf7-acceptance\"><span class=\"wpcf7-list-item\"><label><input type=\"checkbox\" name=\"accettazione-gdpr\" value=\"1\" aria-invalid=\"false\" \/><span class=\"wpcf7-list-item-label\">J'ai lu la <a href=\"https:\/\/silgagalvanica.com\/privacy-policy\/\" target=\"_blank\">politique de confidentialit\u00e9<\/a> et je consens \u00e0 ce que mes donn\u00e9es soient stock\u00e9es dans vos archives conform\u00e9ment au r\u00e8glement europ\u00e9en sur la protection des donn\u00e9es n\u00b0 679\/2016, GDPR. (Vous pouvez les supprimer ou en demander une copie en adressant une demande explicite \u00e0 silga@silga.com).<\/span><\/label><\/span><\/span><\/span><br \/>\n<span style=\"font-weight:500\">CONTACT COMMERCIAL (obligatoire)<\/span><br \/>\nSouhaitez-vous \u00eatre contact\u00e9 par un de nos r\u00e9f\u00e9rents?<br \/>\n<span class=\"wpcf7-form-control-wrap\" data-name=\"accettazione-richiesta-commerciale\"><span class=\"wpcf7-form-control wpcf7-acceptance\"><span class=\"wpcf7-list-item\"><label><input type=\"checkbox\" name=\"accettazione-richiesta-commerciale\" value=\"1\" aria-invalid=\"false\" \/><span class=\"wpcf7-list-item-label\">Oui, je souhaite \u00eatre contact\u00e9 par un de vos r\u00e9f\u00e9rents.<\/span><\/label><\/span><\/span><\/span><br \/>\n<span style=\"font-weight:500\">UTILISATION DES DONN\u00c9ES \u00c0 DES FINS D'INFORMATION (facultatif)<\/span><br \/>\nSouhaitez-vous recevoir des informations par e-mail?<br \/>\n<span class=\"wpcf7-form-control-wrap\" data-name=\"accettazione-iscrizione-newsletter\"><span class=\"wpcf7-form-control wpcf7-acceptance optional\"><span class=\"wpcf7-list-item\"><label><input type=\"checkbox\" name=\"accettazione-iscrizione-newsletter\" value=\"1\" aria-invalid=\"false\" \/><span class=\"wpcf7-list-item-label\">Oui, je souhaite recevoir du mat\u00e9riel d'information par e-mail.<\/span><\/label><\/span><\/span><\/span>\n\t<\/p>\n<\/div>\n<p><input class=\"wpcf7-form-control wpcf7-submit has-spinner\" type=\"submit\" value=\"Envoyer\" \/>\n<\/p><div class=\"wpcf7-response-output\" aria-hidden=\"true\"><\/div>\n<\/form>\n<\/div>\n[\/vc_column][\/vc_row]<\/p>\n<\/section>","protected":false},"excerpt":{"rendered":"<p>[vc_row css=\u00a0\u00bb.vc_custom_1595864215558{padding-bottom: 100px !important;}\u00a0\u00bb][vc_column offset=\u00a0\u00bbvc_col-lg-8 vc_col-md-12&Prime;][vc_column_text] Via Carlo Marx, 54 Zona Ind.le ACQUAVIVA I-60022 Castelfidardo (AN), Marche Num\u00e9ro de TVA 00092270420 Tel +39 071 723971 Fax +39 071 7239820 galvanica@silga.com Page Linkedin[\/vc_column_text][\/vc_column][vc_column offset=\u00a0\u00bbvc_col-lg-4 vc_col-md-12&Prime; el_class=\u00a0\u00bbpl-lg-4&Prime;][vc_gmaps link=\u00a0\u00bb#E-8_JTNDaWZyYW1lJTIwc3JjJTNEJTIyaHR0cHMlM0ElMkYlMkZ3d3cuZ29vZ2xlLmNvbSUyRm1hcHMlMkZlbWJlZCUzRnBiJTNEJTIxMW0xOCUyMTFtMTIlMjExbTMlMjExZDI4OTYuMjY1MTY2OTgzMDQ5JTIxMmQxMy41ODE3MDI1NzY1NTg2ODIlMjEzZDQzLjQ1NTA2MDk2NTIyMjgwNiUyMTJtMyUyMTFmMCUyMTJmMCUyMTNmMCUyMTNtMiUyMTFpMTAyNCUyMTJpNzY4JTIxNGYxMy4xJTIxM20zJTIxMW0yJTIxMXMweDEzMzI3ODRhMTQ1OTI0NmIlMjUzQTB4NGFkZTkzMWYxYjc5NzFkZCUyMTJzU2lsZ2ElMjUyMFMucC5hLiUyMTVlMCUyMTNtMiUyMTFzaXQlMjEyc2l0JTIxNHYxNjk5OTQ3OTYxODkxJTIxNW0yJTIxMXNpdCUyMTJzaXQlMjIlMjB3aWR0aCUzRCUyMjYwMCUyMiUyMGhlaWdodCUzRCUyMjQ1MCUyMiUyMHN0eWxlJTNEJTIyYm9yZGVyJTNBMCUzQiUyMiUyMGFsbG93ZnVsbHNjcmVlbiUzQyUyRmlmcmFtZSUzRQ==\u00a0\u00bb][vc_column_text][\/vc_column_text][vc_empty_space][\/vc_column][\/vc_row][vc_row css=\u00a0\u00bb.vc_custom_1595864234594{padding-bottom: 100px !important;}\u00a0\u00bb][vc_column offset=\u00a0\u00bbvc_col-lg-8 vc_col-md-12&Prime;][vc_column_text] Via Oliviero Pigini, 25 Zona Ind.le CERRETANO I-60022 Castelfidardo (AN), Marche Num\u00e9ro de TVA<\/p>\n","protected":false},"author":1,"featured_media":0,"parent":0,"menu_order":33,"comment_status":"closed","ping_status":"closed","template":"","meta":{"footnotes":""},"class_list":["post-3394","page","type-page","status-publish","hentry"],"yoast_head":"<!-- This site is optimized with the Yoast SEO plugin v27.2 - https:\/\/yoast.com\/product\/yoast-seo-wordpress\/ -->\n<title>Sites et contacts - Silga Beyond Surfaces<\/title>\n<meta name=\"robots\" content=\"index, follow, max-snippet:-1, max-image-preview:large, max-video-preview:-1\" \/>\n<link rel=\"canonical\" href=\"https:\/\/silgagalvanica.com\/fr\/sites-et-contacts\/\" \/>\n<meta property=\"og:locale\" content=\"fr_FR\" \/>\n<meta property=\"og:type\" content=\"article\" \/>\n<meta property=\"og:title\" content=\"Sites et contacts - Silga Beyond Surfaces\" \/>\n<meta property=\"og:description\" content=\"[vc_row css=\u00a0\u00bb.vc_custom_1595864215558{padding-bottom: 100px !important;}\u00a0\u00bb][vc_column offset=\u00a0\u00bbvc_col-lg-8 vc_col-md-12&Prime;][vc_column_text] Via Carlo Marx, 54 Zona Ind.le ACQUAVIVA I-60022 Castelfidardo (AN), Marche Num\u00e9ro de TVA 00092270420 Tel +39 071 723971 Fax +39 071 7239820 galvanica@silga.com Page Linkedin[\/vc_column_text][\/vc_column][vc_column offset=\u00a0\u00bbvc_col-lg-4 vc_col-md-12&Prime; el_class=\u00a0\u00bbpl-lg-4&Prime;][vc_gmaps link=\u00a0\u00bb#E-8_JTNDaWZyYW1lJTIwc3JjJTNEJTIyaHR0cHMlM0ElMkYlMkZ3d3cuZ29vZ2xlLmNvbSUyRm1hcHMlMkZlbWJlZCUzRnBiJTNEJTIxMW0xOCUyMTFtMTIlMjExbTMlMjExZDI4OTYuMjY1MTY2OTgzMDQ5JTIxMmQxMy41ODE3MDI1NzY1NTg2ODIlMjEzZDQzLjQ1NTA2MDk2NTIyMjgwNiUyMTJtMyUyMTFmMCUyMTJmMCUyMTNmMCUyMTNtMiUyMTFpMTAyNCUyMTJpNzY4JTIxNGYxMy4xJTIxM20zJTIxMW0yJTIxMXMweDEzMzI3ODRhMTQ1OTI0NmIlMjUzQTB4NGFkZTkzMWYxYjc5NzFkZCUyMTJzU2lsZ2ElMjUyMFMucC5hLiUyMTVlMCUyMTNtMiUyMTFzaXQlMjEyc2l0JTIxNHYxNjk5OTQ3OTYxODkxJTIxNW0yJTIxMXNpdCUyMTJzaXQlMjIlMjB3aWR0aCUzRCUyMjYwMCUyMiUyMGhlaWdodCUzRCUyMjQ1MCUyMiUyMHN0eWxlJTNEJTIyYm9yZGVyJTNBMCUzQiUyMiUyMGFsbG93ZnVsbHNjcmVlbiUzQyUyRmlmcmFtZSUzRQ==\u00a0\u00bb][vc_column_text][\/vc_column_text][vc_empty_space][\/vc_column][\/vc_row][vc_row css=\u00a0\u00bb.vc_custom_1595864234594{padding-bottom: 100px !important;}\u00a0\u00bb][vc_column offset=\u00a0\u00bbvc_col-lg-8 vc_col-md-12&Prime;][vc_column_text] Via Oliviero Pigini, 25 Zona Ind.le CERRETANO I-60022 Castelfidardo (AN), Marche Num\u00e9ro de TVA\" \/>\n<meta property=\"og:url\" content=\"https:\/\/silgagalvanica.com\/fr\/sites-et-contacts\/\" \/>\n<meta property=\"og:site_name\" content=\"Silga Beyond Surfaces\" \/>\n<meta property=\"article:modified_time\" content=\"2024-05-14T10:36:40+00:00\" \/>\n<meta name=\"twitter:card\" content=\"summary_large_image\" \/>\n<meta name=\"twitter:label1\" content=\"Dur\u00e9e de lecture estim\u00e9e\" \/>\n\t<meta name=\"twitter:data1\" content=\"1 minute\" \/>\n<script type=\"application\/ld+json\" class=\"yoast-schema-graph\">{\"@context\":\"https:\/\/schema.org\",\"@graph\":[{\"@type\":\"WebPage\",\"@id\":\"https:\/\/silgagalvanica.com\/fr\/sites-et-contacts\/\",\"url\":\"https:\/\/silgagalvanica.com\/fr\/sites-et-contacts\/\",\"name\":\"Sites et contacts - Silga Beyond Surfaces\",\"isPartOf\":{\"@id\":\"https:\/\/silgagalvanica.com\/#website\"},\"datePublished\":\"2023-08-18T14:23:37+00:00\",\"dateModified\":\"2024-05-14T10:36:40+00:00\",\"breadcrumb\":{\"@id\":\"https:\/\/silgagalvanica.com\/fr\/sites-et-contacts\/#breadcrumb\"},\"inLanguage\":\"fr-FR\",\"potentialAction\":[{\"@type\":\"ReadAction\",\"target\":[\"https:\/\/silgagalvanica.com\/fr\/sites-et-contacts\/\"]}]},{\"@type\":\"BreadcrumbList\",\"@id\":\"https:\/\/silgagalvanica.com\/fr\/sites-et-contacts\/#breadcrumb\",\"itemListElement\":[{\"@type\":\"ListItem\",\"position\":1,\"name\":\"Home\",\"item\":\"https:\/\/silgagalvanica.com\/fr\/\"},{\"@type\":\"ListItem\",\"position\":2,\"name\":\"Sites et contacts\"}]},{\"@type\":\"WebSite\",\"@id\":\"https:\/\/silgagalvanica.com\/#website\",\"url\":\"https:\/\/silgagalvanica.com\/\",\"name\":\"Silga Beyond Surfaces\",\"description\":\"Divisione Galvanica\",\"publisher\":{\"@id\":\"https:\/\/silgagalvanica.com\/#organization\"},\"potentialAction\":[{\"@type\":\"SearchAction\",\"target\":{\"@type\":\"EntryPoint\",\"urlTemplate\":\"https:\/\/silgagalvanica.com\/?s={search_term_string}\"},\"query-input\":{\"@type\":\"PropertyValueSpecification\",\"valueRequired\":true,\"valueName\":\"search_term_string\"}}],\"inLanguage\":\"fr-FR\"},{\"@type\":\"Organization\",\"@id\":\"https:\/\/silgagalvanica.com\/#organization\",\"name\":\"Silga S.p.A.\",\"url\":\"https:\/\/silgagalvanica.com\/\",\"logo\":{\"@type\":\"ImageObject\",\"inLanguage\":\"fr-FR\",\"@id\":\"https:\/\/silgagalvanica.com\/#\/schema\/logo\/image\/\",\"url\":\"https:\/\/silgagalvanica.com\/wp-content\/uploads\/cropped-cropped-favicon-gv.ico-1.jpg\",\"contentUrl\":\"https:\/\/silgagalvanica.com\/wp-content\/uploads\/cropped-cropped-favicon-gv.ico-1.jpg\",\"width\":512,\"height\":512,\"caption\":\"Silga S.p.A.\"},\"image\":{\"@id\":\"https:\/\/silgagalvanica.com\/#\/schema\/logo\/image\/\"}}]}<\/script>\n<!-- \/ Yoast SEO plugin. -->","yoast_head_json":{"title":"Sites et contacts - Silga Beyond Surfaces","robots":{"index":"index","follow":"follow","max-snippet":"max-snippet:-1","max-image-preview":"max-image-preview:large","max-video-preview":"max-video-preview:-1"},"canonical":"https:\/\/silgagalvanica.com\/fr\/sites-et-contacts\/","og_locale":"fr_FR","og_type":"article","og_title":"Sites et contacts - Silga Beyond Surfaces","og_description":"[vc_row css=\u00a0\u00bb.vc_custom_1595864215558{padding-bottom: 100px !important;}\u00a0\u00bb][vc_column offset=\u00a0\u00bbvc_col-lg-8 vc_col-md-12&Prime;][vc_column_text] Via Carlo Marx, 54 Zona Ind.le ACQUAVIVA I-60022 Castelfidardo (AN), Marche Num\u00e9ro de TVA 00092270420 Tel +39 071 723971 Fax +39 071 7239820 galvanica@silga.com Page Linkedin[\/vc_column_text][\/vc_column][vc_column offset=\u00a0\u00bbvc_col-lg-4 vc_col-md-12&Prime; el_class=\u00a0\u00bbpl-lg-4&Prime;][vc_gmaps link=\u00a0\u00bb#E-8_JTNDaWZyYW1lJTIwc3JjJTNEJTIyaHR0cHMlM0ElMkYlMkZ3d3cuZ29vZ2xlLmNvbSUyRm1hcHMlMkZlbWJlZCUzRnBiJTNEJTIxMW0xOCUyMTFtMTIlMjExbTMlMjExZDI4OTYuMjY1MTY2OTgzMDQ5JTIxMmQxMy41ODE3MDI1NzY1NTg2ODIlMjEzZDQzLjQ1NTA2MDk2NTIyMjgwNiUyMTJtMyUyMTFmMCUyMTJmMCUyMTNmMCUyMTNtMiUyMTFpMTAyNCUyMTJpNzY4JTIxNGYxMy4xJTIxM20zJTIxMW0yJTIxMXMweDEzMzI3ODRhMTQ1OTI0NmIlMjUzQTB4NGFkZTkzMWYxYjc5NzFkZCUyMTJzU2lsZ2ElMjUyMFMucC5hLiUyMTVlMCUyMTNtMiUyMTFzaXQlMjEyc2l0JTIxNHYxNjk5OTQ3OTYxODkxJTIxNW0yJTIxMXNpdCUyMTJzaXQlMjIlMjB3aWR0aCUzRCUyMjYwMCUyMiUyMGhlaWdodCUzRCUyMjQ1MCUyMiUyMHN0eWxlJTNEJTIyYm9yZGVyJTNBMCUzQiUyMiUyMGFsbG93ZnVsbHNjcmVlbiUzQyUyRmlmcmFtZSUzRQ==\u00a0\u00bb][vc_column_text][\/vc_column_text][vc_empty_space][\/vc_column][\/vc_row][vc_row css=\u00a0\u00bb.vc_custom_1595864234594{padding-bottom: 100px !important;}\u00a0\u00bb][vc_column offset=\u00a0\u00bbvc_col-lg-8 vc_col-md-12&Prime;][vc_column_text] Via Oliviero Pigini, 25 Zona Ind.le CERRETANO I-60022 Castelfidardo (AN), Marche Num\u00e9ro de TVA","og_url":"https:\/\/silgagalvanica.com\/fr\/sites-et-contacts\/","og_site_name":"Silga Beyond Surfaces","article_modified_time":"2024-05-14T10:36:40+00:00","twitter_card":"summary_large_image","twitter_misc":{"Dur\u00e9e de lecture estim\u00e9e":"1 minute"},"schema":{"@context":"https:\/\/schema.org","@graph":[{"@type":"WebPage","@id":"https:\/\/silgagalvanica.com\/fr\/sites-et-contacts\/","url":"https:\/\/silgagalvanica.com\/fr\/sites-et-contacts\/","name":"Sites et contacts - Silga Beyond Surfaces","isPartOf":{"@id":"https:\/\/silgagalvanica.com\/#website"},"datePublished":"2023-08-18T14:23:37+00:00","dateModified":"2024-05-14T10:36:40+00:00","breadcrumb":{"@id":"https:\/\/silgagalvanica.com\/fr\/sites-et-contacts\/#breadcrumb"},"inLanguage":"fr-FR","potentialAction":[{"@type":"ReadAction","target":["https:\/\/silgagalvanica.com\/fr\/sites-et-contacts\/"]}]},{"@type":"BreadcrumbList","@id":"https:\/\/silgagalvanica.com\/fr\/sites-et-contacts\/#breadcrumb","itemListElement":[{"@type":"ListItem","position":1,"name":"Home","item":"https:\/\/silgagalvanica.com\/fr\/"},{"@type":"ListItem","position":2,"name":"Sites et contacts"}]},{"@type":"WebSite","@id":"https:\/\/silgagalvanica.com\/#website","url":"https:\/\/silgagalvanica.com\/","name":"Silga Beyond Surfaces","description":"Divisione Galvanica","publisher":{"@id":"https:\/\/silgagalvanica.com\/#organization"},"potentialAction":[{"@type":"SearchAction","target":{"@type":"EntryPoint","urlTemplate":"https:\/\/silgagalvanica.com\/?s={search_term_string}"},"query-input":{"@type":"PropertyValueSpecification","valueRequired":true,"valueName":"search_term_string"}}],"inLanguage":"fr-FR"},{"@type":"Organization","@id":"https:\/\/silgagalvanica.com\/#organization","name":"Silga S.p.A.","url":"https:\/\/silgagalvanica.com\/","logo":{"@type":"ImageObject","inLanguage":"fr-FR","@id":"https:\/\/silgagalvanica.com\/#\/schema\/logo\/image\/","url":"https:\/\/silgagalvanica.com\/wp-content\/uploads\/cropped-cropped-favicon-gv.ico-1.jpg","contentUrl":"https:\/\/silgagalvanica.com\/wp-content\/uploads\/cropped-cropped-favicon-gv.ico-1.jpg","width":512,"height":512,"caption":"Silga S.p.A."},"image":{"@id":"https:\/\/silgagalvanica.com\/#\/schema\/logo\/image\/"}}]}},"_links":{"self":[{"href":"https:\/\/silgagalvanica.com\/fr\/wp-json\/wp\/v2\/pages\/3394","targetHints":{"allow":["GET"]}}],"collection":[{"href":"https:\/\/silgagalvanica.com\/fr\/wp-json\/wp\/v2\/pages"}],"about":[{"href":"https:\/\/silgagalvanica.com\/fr\/wp-json\/wp\/v2\/types\/page"}],"author":[{"embeddable":true,"href":"https:\/\/silgagalvanica.com\/fr\/wp-json\/wp\/v2\/users\/1"}],"replies":[{"embeddable":true,"href":"https:\/\/silgagalvanica.com\/fr\/wp-json\/wp\/v2\/comments?post=3394"}],"version-history":[{"count":11,"href":"https:\/\/silgagalvanica.com\/fr\/wp-json\/wp\/v2\/pages\/3394\/revisions"}],"predecessor-version":[{"id":4685,"href":"https:\/\/silgagalvanica.com\/fr\/wp-json\/wp\/v2\/pages\/3394\/revisions\/4685"}],"wp:attachment":[{"href":"https:\/\/silgagalvanica.com\/fr\/wp-json\/wp\/v2\/media?parent=3394"}],"curies":[{"name":"wp","href":"https:\/\/api.w.org\/{rel}","templated":true}]}}