{"id":3391,"date":"2023-08-18T16:15:12","date_gmt":"2023-08-18T14:15:12","guid":{"rendered":"https:\/\/silgagalvanica.com\/environnement-et-securite\/"},"modified":"2025-12-09T10:11:03","modified_gmt":"2025-12-09T09:11:03","slug":"environnement-et-securite","status":"publish","type":"page","link":"https:\/\/silgagalvanica.com\/fr\/environnement-et-securite\/","title":{"rendered":"Environnement et S\u00e9curit\u00e9"},"content":{"rendered":"<section class=\"wpb-content-wrapper\"><p>[vc_row][vc_column][vc_single_image image=\u00a0\u00bb2305&Prime; img_size=\u00a0\u00bbfull\u00a0\u00bb][vc_column_text]Silga S.p.A. a pour objectif prioritaire d&rsquo;assurer l&rsquo;\u00e9quilibre entre les objectifs de l&rsquo;entreprise et la n\u00e9cessit\u00e9 de pr\u00e9server la sant\u00e9 des personnes et, plus g\u00e9n\u00e9ralement, l&rsquo;environnement.<\/p>\n<p>C&rsquo;est pr\u00e9cis\u00e9ment pour cette raison que l&rsquo;entreprise a mis en place un<strong>Syst\u00e8me de Gestion de la S\u00e9curit\u00e9 <\/strong>, qui reprend le principe de base des <strong>Directives Europ\u00e9ennes 96\/82\/CE et 2003\/105\/CE<\/strong>. De plus, elle dispose depuis longtemps d&rsquo;un <strong>syst\u00e8me int\u00e9gr\u00e9 de gestion de la qualit\u00e9 et de l&rsquo;environnement<\/strong> conforme aux normes UNI EN ISO 9001:2015 et UNI EN ISO 14001:2015.<\/p>\n<p>Silga S.p.A. s&rsquo;engage donc non seulement \u00e0 garantir le respect de la l\u00e9gislation en vigueur, tant en mati\u00e8re d&rsquo;<strong>environnement<\/strong> que de <strong>sant\u00e9<\/strong> et de <strong>s\u00e9curit\u00e9<\/strong> sur le lieu de travail (comme, \u00e0 titre d&rsquo;exemple, le r\u00e8glement REACH, la directive RoHS, le d\u00e9cret l\u00e9gislatif 81\/2008, le D. Lgs. 105\/2015), mais aussi \u00e0 fournir les ressources ad\u00e9quates pour assurer des interventions techniques, organisationnelles et manag\u00e9riales visant \u00e0 r\u00e9duire les impacts environnementaux dans des conditions de s\u00e9curit\u00e9, selon des principes ergonomiques et toujours dans un souci d&rsquo;am\u00e9lioration continue.[\/vc_column_text][vc_custom_heading text=\u00a0\u00bbInstallations\u00a0\u00bb use_theme_fonts=\u00a0\u00bbyes\u00a0\u00bb][vc_column_text]L&rsquo;entreprise dispose de <strong>deux stations d&rsquo;\u00e9puration de type chimique-physique<\/strong>, technologiquement avanc\u00e9es, dot\u00e9es d&rsquo;un syst\u00e8me de supervision et de contr\u00f4le \u00e0 distance et, \u00e0 partir de 2019, d&rsquo;une <strong>nouvelle station d&rsquo;\u00e9puration biologique<\/strong>\u00e9galement construite et mise en \u0153uvre avec un syst\u00e8me de supervision et de contr\u00f4le selon les crit\u00e8res de l\u00a0\u00bbIndustrie 4.0&prime;, qui, en plus d&rsquo;am\u00e9liorer les performances environnementales des eaux us\u00e9es industrielles en ce qui concerne les param\u00e8tres azote nitreux et azote ammoniacal, permet \u00e9galement de r\u00e9cup\u00e9rer environ 10 % des eaux us\u00e9es \u00e9pur\u00e9es avec une \u00e9conomie cons\u00e9quente de la pr\u00e9cieuse ressource naturelle.<\/p>\n<p>Les deux sites de production disposent de <strong>deux centrales de cog\u00e9n\u00e9ration<\/strong>, dont une avec un potentiel de 600 kWe et l&rsquo;autre avec un potentiel de 420 kWe, centrales qui permettent l&rsquo;autoproduction d&rsquo;\u00e9nergie \u00e9lectrique et thermique avec une \u00e9conomie consid\u00e9rable de ressources naturelles et \u00e9conomiques. Ces deux sites disposent \u00e9galement de <strong>deux centrales photovolta\u00efques<\/strong>, une d&rsquo;une puissance de 458,85 kWp et l&rsquo;autre d&rsquo;une puissance de 200 kWp, qui contribuent \u00e0 l&rsquo;apport des centrales de cog\u00e9n\u00e9ration susmentionn\u00e9es.<\/p>\n<p>Depuis 2016, Silga a mis en place un <strong>Mod\u00e8le Organisationnel <\/strong> conform\u00e9ment au <strong>d\u00e9cret-loi n\u00b0 231\/2001<\/strong>, cr\u00e9\u00e9 un <strong>Organe de Contr\u00f4le<\/strong> externe et un<strong>Code d\u2019\u00c9thique<\/strong>.<\/p>\n<p>Enfin, l&rsquo;entreprise dispose d&rsquo;une <strong>postcombustion avec un br\u00fbleur \u00e0 m\u00e9thane de type B-01<\/strong> d&rsquo;une capacit\u00e9 maximale de 87 000 kcal\/h pour l&rsquo;<strong>abattement des solvants<\/strong> \u00e9mis dans l&rsquo;air (SOV) utilis\u00e9s dans les installations de peinture au tonneau rotatif de la Division Galvanisation, ce qui permet un abattement sup\u00e9rieur de 80 % par rapport \u00e0 la limite l\u00e9gale.[\/vc_column_text][vc_empty_space][\/vc_column][\/vc_row][vc_row][vc_column width=\u00a0\u00bb1\/2&Prime;][vc_btn title=\u00a0\u00bbPolitique de qualit\u00e9 et d&rsquo;environnement\u00a0\u00bb style=\u00a0\u00bbflat\u00a0\u00bb shape=\u00a0\u00bbsquare\u00a0\u00bb i_icon_fontawesome=\u00a0\u00bbfar fa-file-pdf\u00a0\u00bb add_icon=\u00a0\u00bbtrue\u00a0\u00bb link=\u00a0\u00bburl:https%3A%2F%2Fsilgagalvanica.com%2Fwp-content%2Fuploads%2FPQA09-en-.pdf|title:Policy%20for%20the%20quality%20and%20environment|target:_blank\u00a0\u00bb][vc_empty_space][vc_btn title=\u00a0\u00bbScore ESG\u00a0\u00bb style=\u00a0\u00bbflat\u00a0\u00bb shape=\u00a0\u00bbsquare\u00a0\u00bb i_icon_fontawesome=\u00a0\u00bbfar fa-file-pdf\u00a0\u00bb add_icon=\u00a0\u00bbtrue\u00a0\u00bb link=\u00a0\u00bburl:https%3A%2F%2Fsilgagalvanica.com%2Fwp-content%2Fuploads%2FSCORE-ESG.pdf|title:Policy%20for%20the%20quality%20and%20environment|target:_blank\u00a0\u00bb][vc_empty_space][vc_btn title=\u00a0\u00bbSUSTAINABILITY BROCHURE\u00a0\u00bb style=\u00a0\u00bbflat\u00a0\u00bb shape=\u00a0\u00bbsquare\u00a0\u00bb i_icon_fontawesome=\u00a0\u00bbfar fa-file-pdf\u00a0\u00bb add_icon=\u00a0\u00bbtrue\u00a0\u00bb link=\u00a0\u00bburl:https%3A%2F%2Fsilgagalvanica.com%2Fwp-content%2Fuploads%2FBROCHURE-sostenibilita.pdf|title:Policy%20for%20the%20quality%20and%20environment|target:_blank\u00a0\u00bb][\/vc_column][vc_column width=\u00a0\u00bb1\/2&Prime;][vc_single_image image=\u00a0\u00bb4871&Prime; img_size=\u00a0\u00bblarge\u00a0\u00bb][\/vc_column][\/vc_row]<\/p>\n<\/section>","protected":false},"excerpt":{"rendered":"<p>[vc_row][vc_column][vc_single_image image=\u00a0\u00bb2305&Prime; img_size=\u00a0\u00bbfull\u00a0\u00bb][vc_column_text]Silga S.p.A. a pour objectif prioritaire d&rsquo;assurer l&rsquo;\u00e9quilibre entre les objectifs de l&rsquo;entreprise et la n\u00e9cessit\u00e9 de pr\u00e9server la sant\u00e9 des personnes et, plus g\u00e9n\u00e9ralement, l&rsquo;environnement. C&rsquo;est pr\u00e9cis\u00e9ment pour cette raison que l&rsquo;entreprise a mis en place unSyst\u00e8me de Gestion de la S\u00e9curit\u00e9 , qui reprend le principe de base des Directives Europ\u00e9ennes<\/p>\n","protected":false},"author":1,"featured_media":0,"parent":0,"menu_order":30,"comment_status":"closed","ping_status":"closed","template":"","meta":{"footnotes":""},"class_list":["post-3391","page","type-page","status-publish","hentry"],"yoast_head":"<!-- This site is optimized with the Yoast SEO plugin v27.4 - https:\/\/yoast.com\/product\/yoast-seo-wordpress\/ -->\n<title>Environnement et S\u00e9curit\u00e9 - Silga Beyond Surfaces<\/title>\n<meta name=\"description\" content=\"Silga a pour objectif principal d&#039;assurer la protection de la sant\u00e9 des personnes et de l&#039;environnement.\" \/>\n<meta name=\"robots\" content=\"index, follow, max-snippet:-1, max-image-preview:large, max-video-preview:-1\" \/>\n<link rel=\"canonical\" href=\"https:\/\/silgagalvanica.com\/fr\/environnement-et-securite\/\" \/>\n<meta property=\"og:locale\" content=\"fr_FR\" \/>\n<meta property=\"og:type\" content=\"article\" \/>\n<meta property=\"og:title\" content=\"Environnement et S\u00e9curit\u00e9 - Silga Beyond Surfaces\" \/>\n<meta property=\"og:description\" content=\"Silga a pour objectif principal d&#039;assurer la protection de la sant\u00e9 des personnes et de l&#039;environnement.\" \/>\n<meta property=\"og:url\" content=\"https:\/\/silgagalvanica.com\/fr\/environnement-et-securite\/\" \/>\n<meta property=\"og:site_name\" content=\"Silga Beyond Surfaces\" \/>\n<meta property=\"article:modified_time\" content=\"2025-12-09T09:11:03+00:00\" \/>\n<meta name=\"twitter:card\" content=\"summary_large_image\" \/>\n<meta name=\"twitter:label1\" content=\"Dur\u00e9e de lecture estim\u00e9e\" \/>\n\t<meta name=\"twitter:data1\" content=\"3 minutes\" \/>\n<script type=\"application\/ld+json\" class=\"yoast-schema-graph\">{\"@context\":\"https:\\\/\\\/schema.org\",\"@graph\":[{\"@type\":\"WebPage\",\"@id\":\"https:\\\/\\\/silgagalvanica.com\\\/fr\\\/environnement-et-securite\\\/\",\"url\":\"https:\\\/\\\/silgagalvanica.com\\\/fr\\\/environnement-et-securite\\\/\",\"name\":\"Environnement et S\u00e9curit\u00e9 - Silga Beyond Surfaces\",\"isPartOf\":{\"@id\":\"https:\\\/\\\/silgagalvanica.com\\\/#website\"},\"datePublished\":\"2023-08-18T14:15:12+00:00\",\"dateModified\":\"2025-12-09T09:11:03+00:00\",\"description\":\"Silga a pour objectif principal d'assurer la protection de la sant\u00e9 des personnes et de l'environnement.\",\"breadcrumb\":{\"@id\":\"https:\\\/\\\/silgagalvanica.com\\\/fr\\\/environnement-et-securite\\\/#breadcrumb\"},\"inLanguage\":\"fr-FR\",\"potentialAction\":[{\"@type\":\"ReadAction\",\"target\":[\"https:\\\/\\\/silgagalvanica.com\\\/fr\\\/environnement-et-securite\\\/\"]}]},{\"@type\":\"BreadcrumbList\",\"@id\":\"https:\\\/\\\/silgagalvanica.com\\\/fr\\\/environnement-et-securite\\\/#breadcrumb\",\"itemListElement\":[{\"@type\":\"ListItem\",\"position\":1,\"name\":\"Home\",\"item\":\"https:\\\/\\\/silgagalvanica.com\\\/fr\\\/\"},{\"@type\":\"ListItem\",\"position\":2,\"name\":\"Environnement et S\u00e9curit\u00e9\"}]},{\"@type\":\"WebSite\",\"@id\":\"https:\\\/\\\/silgagalvanica.com\\\/#website\",\"url\":\"https:\\\/\\\/silgagalvanica.com\\\/\",\"name\":\"Silga Beyond Surfaces\",\"description\":\"Divisione Galvanica\",\"publisher\":{\"@id\":\"https:\\\/\\\/silgagalvanica.com\\\/#organization\"},\"potentialAction\":[{\"@type\":\"SearchAction\",\"target\":{\"@type\":\"EntryPoint\",\"urlTemplate\":\"https:\\\/\\\/silgagalvanica.com\\\/?s={search_term_string}\"},\"query-input\":{\"@type\":\"PropertyValueSpecification\",\"valueRequired\":true,\"valueName\":\"search_term_string\"}}],\"inLanguage\":\"fr-FR\"},{\"@type\":\"Organization\",\"@id\":\"https:\\\/\\\/silgagalvanica.com\\\/#organization\",\"name\":\"Silga S.p.A.\",\"url\":\"https:\\\/\\\/silgagalvanica.com\\\/\",\"logo\":{\"@type\":\"ImageObject\",\"inLanguage\":\"fr-FR\",\"@id\":\"https:\\\/\\\/silgagalvanica.com\\\/#\\\/schema\\\/logo\\\/image\\\/\",\"url\":\"https:\\\/\\\/silgagalvanica.com\\\/wp-content\\\/uploads\\\/cropped-cropped-favicon-gv.ico-1.jpg\",\"contentUrl\":\"https:\\\/\\\/silgagalvanica.com\\\/wp-content\\\/uploads\\\/cropped-cropped-favicon-gv.ico-1.jpg\",\"width\":512,\"height\":512,\"caption\":\"Silga S.p.A.\"},\"image\":{\"@id\":\"https:\\\/\\\/silgagalvanica.com\\\/#\\\/schema\\\/logo\\\/image\\\/\"}}]}<\/script>\n<!-- \/ Yoast SEO plugin. -->","yoast_head_json":{"title":"Environnement et S\u00e9curit\u00e9 - Silga Beyond Surfaces","description":"Silga a pour objectif principal d'assurer la protection de la sant\u00e9 des personnes et de l'environnement.","robots":{"index":"index","follow":"follow","max-snippet":"max-snippet:-1","max-image-preview":"max-image-preview:large","max-video-preview":"max-video-preview:-1"},"canonical":"https:\/\/silgagalvanica.com\/fr\/environnement-et-securite\/","og_locale":"fr_FR","og_type":"article","og_title":"Environnement et S\u00e9curit\u00e9 - Silga Beyond Surfaces","og_description":"Silga a pour objectif principal d'assurer la protection de la sant\u00e9 des personnes et de l'environnement.","og_url":"https:\/\/silgagalvanica.com\/fr\/environnement-et-securite\/","og_site_name":"Silga Beyond Surfaces","article_modified_time":"2025-12-09T09:11:03+00:00","twitter_card":"summary_large_image","twitter_misc":{"Dur\u00e9e de lecture estim\u00e9e":"3 minutes"},"schema":{"@context":"https:\/\/schema.org","@graph":[{"@type":"WebPage","@id":"https:\/\/silgagalvanica.com\/fr\/environnement-et-securite\/","url":"https:\/\/silgagalvanica.com\/fr\/environnement-et-securite\/","name":"Environnement et S\u00e9curit\u00e9 - Silga Beyond Surfaces","isPartOf":{"@id":"https:\/\/silgagalvanica.com\/#website"},"datePublished":"2023-08-18T14:15:12+00:00","dateModified":"2025-12-09T09:11:03+00:00","description":"Silga a pour objectif principal d'assurer la protection de la sant\u00e9 des personnes et de l'environnement.","breadcrumb":{"@id":"https:\/\/silgagalvanica.com\/fr\/environnement-et-securite\/#breadcrumb"},"inLanguage":"fr-FR","potentialAction":[{"@type":"ReadAction","target":["https:\/\/silgagalvanica.com\/fr\/environnement-et-securite\/"]}]},{"@type":"BreadcrumbList","@id":"https:\/\/silgagalvanica.com\/fr\/environnement-et-securite\/#breadcrumb","itemListElement":[{"@type":"ListItem","position":1,"name":"Home","item":"https:\/\/silgagalvanica.com\/fr\/"},{"@type":"ListItem","position":2,"name":"Environnement et S\u00e9curit\u00e9"}]},{"@type":"WebSite","@id":"https:\/\/silgagalvanica.com\/#website","url":"https:\/\/silgagalvanica.com\/","name":"Silga Beyond Surfaces","description":"Divisione Galvanica","publisher":{"@id":"https:\/\/silgagalvanica.com\/#organization"},"potentialAction":[{"@type":"SearchAction","target":{"@type":"EntryPoint","urlTemplate":"https:\/\/silgagalvanica.com\/?s={search_term_string}"},"query-input":{"@type":"PropertyValueSpecification","valueRequired":true,"valueName":"search_term_string"}}],"inLanguage":"fr-FR"},{"@type":"Organization","@id":"https:\/\/silgagalvanica.com\/#organization","name":"Silga S.p.A.","url":"https:\/\/silgagalvanica.com\/","logo":{"@type":"ImageObject","inLanguage":"fr-FR","@id":"https:\/\/silgagalvanica.com\/#\/schema\/logo\/image\/","url":"https:\/\/silgagalvanica.com\/wp-content\/uploads\/cropped-cropped-favicon-gv.ico-1.jpg","contentUrl":"https:\/\/silgagalvanica.com\/wp-content\/uploads\/cropped-cropped-favicon-gv.ico-1.jpg","width":512,"height":512,"caption":"Silga S.p.A."},"image":{"@id":"https:\/\/silgagalvanica.com\/#\/schema\/logo\/image\/"}}]}},"_links":{"self":[{"href":"https:\/\/silgagalvanica.com\/fr\/wp-json\/wp\/v2\/pages\/3391","targetHints":{"allow":["GET"]}}],"collection":[{"href":"https:\/\/silgagalvanica.com\/fr\/wp-json\/wp\/v2\/pages"}],"about":[{"href":"https:\/\/silgagalvanica.com\/fr\/wp-json\/wp\/v2\/types\/page"}],"author":[{"embeddable":true,"href":"https:\/\/silgagalvanica.com\/fr\/wp-json\/wp\/v2\/users\/1"}],"replies":[{"embeddable":true,"href":"https:\/\/silgagalvanica.com\/fr\/wp-json\/wp\/v2\/comments?post=3391"}],"version-history":[{"count":12,"href":"https:\/\/silgagalvanica.com\/fr\/wp-json\/wp\/v2\/pages\/3391\/revisions"}],"predecessor-version":[{"id":5488,"href":"https:\/\/silgagalvanica.com\/fr\/wp-json\/wp\/v2\/pages\/3391\/revisions\/5488"}],"wp:attachment":[{"href":"https:\/\/silgagalvanica.com\/fr\/wp-json\/wp\/v2\/media?parent=3391"}],"curies":[{"name":"wp","href":"https:\/\/api.w.org\/{rel}","templated":true}]}}