{"id":3381,"date":"2023-08-18T12:55:57","date_gmt":"2023-08-18T10:55:57","guid":{"rendered":"https:\/\/silgagalvanica.com\/certifications-et-homologations\/"},"modified":"2024-11-06T09:15:04","modified_gmt":"2024-11-06T08:15:04","slug":"certifications-et-homologations","status":"publish","type":"page","link":"https:\/\/silgagalvanica.com\/fr\/certifications-et-homologations\/","title":{"rendered":"Certifications et Homologations"},"content":{"rendered":"<section class=\"wpb-content-wrapper\"><p>[vc_row][vc_column][vc_row_inner][vc_column_inner width=\u00a0\u00bb2\/3&Prime;][vc_column_text]L&rsquo;Entreprise base son activit\u00e9 sur un syst\u00e8me int\u00e9gr\u00e9 de qualit\u00e9, d&rsquo;environnement et de s\u00e9curit\u00e9, conform\u00e9ment aux normes suivantes:<\/p>\n<p><a href=\"https:\/\/silgagalvanica.com\/wp-content\/uploads\/SILGA-GZ_ISO-9001-2015_20_05_2020.pdf\" target=\"_blank\" rel=\"noopener noreferrer\"><strong><u>UNI EN ISO 9001<\/u><\/strong>:<\/a> Syst\u00e8me de management de la qualit\u00e9<br \/>\n<u><strong><a href=\"https:\/\/silgagalvanica.com\/wp-content\/uploads\/iso-140012015.pdf\" target=\"_blank\" rel=\"noopener noreferrer\">UNI EN ISO 14001<\/a><\/strong><\/u>: Syst\u00e8me de gestion de l&rsquo;environnement (division Zingage)<\/p>\n<p><a href=\"https:\/\/silgaelectronics.com\/wp-content\/uploads\/9136.SLG2_.pdf\" target=\"_blank\" rel=\"noopener noreferrer\"><strong><u>IATF 16949:2016<\/u><\/strong><\/a>: Syst\u00e8mes de gestion de la qualit\u00e9 (Automobile \u2013 division des PCB)<br \/>\n<strong>Conformit\u00e9 de l&rsquo;entreprise au syst\u00e8me EMS et \u00e0 la norme ISO 14001<\/strong><br \/>\n<a href=\"https:\/\/silgagalvanica.com\/wp-content\/uploads\/Mod_organizz_231_parte_gen_ENG.pdf\" target=\"_blank\" rel=\"noopener\"><strong><u>Conformit\u00e9 de l&rsquo;entreprise d\u00e9cret 231\/2001<\/u><\/strong><\/a><br \/>\n<strong>Syst\u00e8me de gestion de la s\u00e9curit\u00e9 (S.G.S.) <\/strong>: Syst\u00e8me de gestion de la s\u00e9curit\u00e9 selon la norme UNI ISO 10617<\/p>\n<p><a href=\"https:\/\/silgagalvanica.com\/wp-content\/uploads\/ZK-IT_Certificate_Silga-Beyond-Surfaces_202512.pdf\"><strong>Zinklad 250 certification <\/strong><\/a><strong>(division Zingage)<\/strong>[\/vc_column_text][\/vc_column_inner][vc_column_inner width=\u00a0\u00bb1\/3&Prime;][vc_single_image image=\u00a0\u00bb4784&Prime; img_size=\u00a0\u00bbfull\u00a0\u00bb alignment=\u00a0\u00bbright\u00a0\u00bb onclick=\u00a0\u00bbcustom_link\u00a0\u00bb img_link_target=\u00a0\u00bb_blank\u00a0\u00bb link=\u00a0\u00bbhttps:\/\/silgagalvanica.com\/wp-content\/uploads\/IATF-16949.pdf\u00a0\u00bb][\/vc_column_inner][\/vc_row_inner][\/vc_column][\/vc_row]<\/p>\n<\/section>","protected":false},"excerpt":{"rendered":"<p>[vc_row][vc_column][vc_row_inner][vc_column_inner width=\u00a0\u00bb2\/3&Prime;][vc_column_text]L&rsquo;Entreprise base son activit\u00e9 sur un syst\u00e8me int\u00e9gr\u00e9 de qualit\u00e9, d&rsquo;environnement et de s\u00e9curit\u00e9, conform\u00e9ment aux normes suivantes: UNI EN ISO 9001: Syst\u00e8me de management de la qualit\u00e9 UNI EN ISO 14001: Syst\u00e8me de gestion de l&rsquo;environnement (division Zingage) IATF 16949:2016: Syst\u00e8mes de gestion de la qualit\u00e9 (Automobile \u2013 division des PCB) Conformit\u00e9 de<\/p>\n","protected":false},"author":1,"featured_media":0,"parent":0,"menu_order":21,"comment_status":"closed","ping_status":"closed","template":"","meta":{"footnotes":""},"class_list":["post-3381","page","type-page","status-publish","hentry"],"yoast_head":"<!-- This site is optimized with the Yoast SEO plugin v27.4 - https:\/\/yoast.com\/product\/yoast-seo-wordpress\/ -->\n<title>Certifications et Homologations - Silga Beyond Surfaces<\/title>\n<meta name=\"description\" content=\"Silga poss\u00e8de des certifications environnementales, de qualit\u00e9 et de s\u00e9curit\u00e9, notamment ISO 9001:2015 et ISO 14001:2015.\" \/>\n<meta name=\"robots\" content=\"index, follow, max-snippet:-1, max-image-preview:large, max-video-preview:-1\" \/>\n<link rel=\"canonical\" href=\"https:\/\/silgagalvanica.com\/fr\/certifications-et-homologations\/\" \/>\n<meta property=\"og:locale\" content=\"fr_FR\" \/>\n<meta property=\"og:type\" content=\"article\" \/>\n<meta property=\"og:title\" content=\"Certifications et Homologations - Silga Beyond Surfaces\" \/>\n<meta property=\"og:description\" content=\"Silga poss\u00e8de des certifications environnementales, de qualit\u00e9 et de s\u00e9curit\u00e9, notamment ISO 9001:2015 et ISO 14001:2015.\" \/>\n<meta property=\"og:url\" content=\"https:\/\/silgagalvanica.com\/fr\/certifications-et-homologations\/\" \/>\n<meta property=\"og:site_name\" content=\"Silga Beyond Surfaces\" \/>\n<meta property=\"article:modified_time\" content=\"2024-11-06T08:15:04+00:00\" \/>\n<meta name=\"twitter:card\" content=\"summary_large_image\" \/>\n<meta name=\"twitter:label1\" content=\"Dur\u00e9e de lecture estim\u00e9e\" \/>\n\t<meta name=\"twitter:data1\" content=\"1 minute\" \/>\n<script type=\"application\/ld+json\" class=\"yoast-schema-graph\">{\"@context\":\"https:\\\/\\\/schema.org\",\"@graph\":[{\"@type\":\"WebPage\",\"@id\":\"https:\\\/\\\/silgagalvanica.com\\\/fr\\\/certifications-et-homologations\\\/\",\"url\":\"https:\\\/\\\/silgagalvanica.com\\\/fr\\\/certifications-et-homologations\\\/\",\"name\":\"Certifications et Homologations - Silga Beyond Surfaces\",\"isPartOf\":{\"@id\":\"https:\\\/\\\/silgagalvanica.com\\\/#website\"},\"datePublished\":\"2023-08-18T10:55:57+00:00\",\"dateModified\":\"2024-11-06T08:15:04+00:00\",\"description\":\"Silga poss\u00e8de des certifications environnementales, de qualit\u00e9 et de s\u00e9curit\u00e9, notamment ISO 9001:2015 et ISO 14001:2015.\",\"breadcrumb\":{\"@id\":\"https:\\\/\\\/silgagalvanica.com\\\/fr\\\/certifications-et-homologations\\\/#breadcrumb\"},\"inLanguage\":\"fr-FR\",\"potentialAction\":[{\"@type\":\"ReadAction\",\"target\":[\"https:\\\/\\\/silgagalvanica.com\\\/fr\\\/certifications-et-homologations\\\/\"]}]},{\"@type\":\"BreadcrumbList\",\"@id\":\"https:\\\/\\\/silgagalvanica.com\\\/fr\\\/certifications-et-homologations\\\/#breadcrumb\",\"itemListElement\":[{\"@type\":\"ListItem\",\"position\":1,\"name\":\"Home\",\"item\":\"https:\\\/\\\/silgagalvanica.com\\\/fr\\\/\"},{\"@type\":\"ListItem\",\"position\":2,\"name\":\"Certifications et Homologations\"}]},{\"@type\":\"WebSite\",\"@id\":\"https:\\\/\\\/silgagalvanica.com\\\/#website\",\"url\":\"https:\\\/\\\/silgagalvanica.com\\\/\",\"name\":\"Silga Beyond Surfaces\",\"description\":\"Divisione Galvanica\",\"publisher\":{\"@id\":\"https:\\\/\\\/silgagalvanica.com\\\/#organization\"},\"potentialAction\":[{\"@type\":\"SearchAction\",\"target\":{\"@type\":\"EntryPoint\",\"urlTemplate\":\"https:\\\/\\\/silgagalvanica.com\\\/?s={search_term_string}\"},\"query-input\":{\"@type\":\"PropertyValueSpecification\",\"valueRequired\":true,\"valueName\":\"search_term_string\"}}],\"inLanguage\":\"fr-FR\"},{\"@type\":\"Organization\",\"@id\":\"https:\\\/\\\/silgagalvanica.com\\\/#organization\",\"name\":\"Silga S.p.A.\",\"url\":\"https:\\\/\\\/silgagalvanica.com\\\/\",\"logo\":{\"@type\":\"ImageObject\",\"inLanguage\":\"fr-FR\",\"@id\":\"https:\\\/\\\/silgagalvanica.com\\\/#\\\/schema\\\/logo\\\/image\\\/\",\"url\":\"https:\\\/\\\/silgagalvanica.com\\\/wp-content\\\/uploads\\\/cropped-cropped-favicon-gv.ico-1.jpg\",\"contentUrl\":\"https:\\\/\\\/silgagalvanica.com\\\/wp-content\\\/uploads\\\/cropped-cropped-favicon-gv.ico-1.jpg\",\"width\":512,\"height\":512,\"caption\":\"Silga S.p.A.\"},\"image\":{\"@id\":\"https:\\\/\\\/silgagalvanica.com\\\/#\\\/schema\\\/logo\\\/image\\\/\"}}]}<\/script>\n<!-- \/ Yoast SEO plugin. -->","yoast_head_json":{"title":"Certifications et Homologations - Silga Beyond Surfaces","description":"Silga poss\u00e8de des certifications environnementales, de qualit\u00e9 et de s\u00e9curit\u00e9, notamment ISO 9001:2015 et ISO 14001:2015.","robots":{"index":"index","follow":"follow","max-snippet":"max-snippet:-1","max-image-preview":"max-image-preview:large","max-video-preview":"max-video-preview:-1"},"canonical":"https:\/\/silgagalvanica.com\/fr\/certifications-et-homologations\/","og_locale":"fr_FR","og_type":"article","og_title":"Certifications et Homologations - Silga Beyond Surfaces","og_description":"Silga poss\u00e8de des certifications environnementales, de qualit\u00e9 et de s\u00e9curit\u00e9, notamment ISO 9001:2015 et ISO 14001:2015.","og_url":"https:\/\/silgagalvanica.com\/fr\/certifications-et-homologations\/","og_site_name":"Silga Beyond Surfaces","article_modified_time":"2024-11-06T08:15:04+00:00","twitter_card":"summary_large_image","twitter_misc":{"Dur\u00e9e de lecture estim\u00e9e":"1 minute"},"schema":{"@context":"https:\/\/schema.org","@graph":[{"@type":"WebPage","@id":"https:\/\/silgagalvanica.com\/fr\/certifications-et-homologations\/","url":"https:\/\/silgagalvanica.com\/fr\/certifications-et-homologations\/","name":"Certifications et Homologations - Silga Beyond Surfaces","isPartOf":{"@id":"https:\/\/silgagalvanica.com\/#website"},"datePublished":"2023-08-18T10:55:57+00:00","dateModified":"2024-11-06T08:15:04+00:00","description":"Silga poss\u00e8de des certifications environnementales, de qualit\u00e9 et de s\u00e9curit\u00e9, notamment ISO 9001:2015 et ISO 14001:2015.","breadcrumb":{"@id":"https:\/\/silgagalvanica.com\/fr\/certifications-et-homologations\/#breadcrumb"},"inLanguage":"fr-FR","potentialAction":[{"@type":"ReadAction","target":["https:\/\/silgagalvanica.com\/fr\/certifications-et-homologations\/"]}]},{"@type":"BreadcrumbList","@id":"https:\/\/silgagalvanica.com\/fr\/certifications-et-homologations\/#breadcrumb","itemListElement":[{"@type":"ListItem","position":1,"name":"Home","item":"https:\/\/silgagalvanica.com\/fr\/"},{"@type":"ListItem","position":2,"name":"Certifications et Homologations"}]},{"@type":"WebSite","@id":"https:\/\/silgagalvanica.com\/#website","url":"https:\/\/silgagalvanica.com\/","name":"Silga Beyond Surfaces","description":"Divisione Galvanica","publisher":{"@id":"https:\/\/silgagalvanica.com\/#organization"},"potentialAction":[{"@type":"SearchAction","target":{"@type":"EntryPoint","urlTemplate":"https:\/\/silgagalvanica.com\/?s={search_term_string}"},"query-input":{"@type":"PropertyValueSpecification","valueRequired":true,"valueName":"search_term_string"}}],"inLanguage":"fr-FR"},{"@type":"Organization","@id":"https:\/\/silgagalvanica.com\/#organization","name":"Silga S.p.A.","url":"https:\/\/silgagalvanica.com\/","logo":{"@type":"ImageObject","inLanguage":"fr-FR","@id":"https:\/\/silgagalvanica.com\/#\/schema\/logo\/image\/","url":"https:\/\/silgagalvanica.com\/wp-content\/uploads\/cropped-cropped-favicon-gv.ico-1.jpg","contentUrl":"https:\/\/silgagalvanica.com\/wp-content\/uploads\/cropped-cropped-favicon-gv.ico-1.jpg","width":512,"height":512,"caption":"Silga S.p.A."},"image":{"@id":"https:\/\/silgagalvanica.com\/#\/schema\/logo\/image\/"}}]}},"_links":{"self":[{"href":"https:\/\/silgagalvanica.com\/fr\/wp-json\/wp\/v2\/pages\/3381","targetHints":{"allow":["GET"]}}],"collection":[{"href":"https:\/\/silgagalvanica.com\/fr\/wp-json\/wp\/v2\/pages"}],"about":[{"href":"https:\/\/silgagalvanica.com\/fr\/wp-json\/wp\/v2\/types\/page"}],"author":[{"embeddable":true,"href":"https:\/\/silgagalvanica.com\/fr\/wp-json\/wp\/v2\/users\/1"}],"replies":[{"embeddable":true,"href":"https:\/\/silgagalvanica.com\/fr\/wp-json\/wp\/v2\/comments?post=3381"}],"version-history":[{"count":6,"href":"https:\/\/silgagalvanica.com\/fr\/wp-json\/wp\/v2\/pages\/3381\/revisions"}],"predecessor-version":[{"id":4981,"href":"https:\/\/silgagalvanica.com\/fr\/wp-json\/wp\/v2\/pages\/3381\/revisions\/4981"}],"wp:attachment":[{"href":"https:\/\/silgagalvanica.com\/fr\/wp-json\/wp\/v2\/media?parent=3381"}],"curies":[{"name":"wp","href":"https:\/\/api.w.org\/{rel}","templated":true}]}}