{"id":3372,"date":"2020-07-03T16:05:31","date_gmt":"2020-07-03T14:05:31","guid":{"rendered":"https:\/\/silgagalvanica.com\/qualita\/"},"modified":"2024-07-17T12:19:36","modified_gmt":"2024-07-17T10:19:36","slug":"qualite","status":"publish","type":"page","link":"https:\/\/silgagalvanica.com\/fr\/qualite\/","title":{"rendered":"Qualit\u00e9"},"content":{"rendered":"<section class=\"wpb-content-wrapper\"><p>[vc_row][vc_column width=\u00a0\u00bb2\/3&Prime;][vc_column_text]Silga S.p.A. accorde une grande attention \u00e0 la qualit\u00e9 de ses produits et \u00e0 l&rsquo;environnement et est certifi\u00e9e ISO 9001 et ISO 14001. Gr\u00e2ce \u00e0 son organisme interne de Recherche et D\u00e9veloppement et \u00e0 un laboratoire chimique \u00e9quip\u00e9 d&rsquo;instruments sp\u00e9cifiques, elle <strong>garantit une qualit\u00e9 et une fiabilit\u00e9 maximales<\/strong>, en suivant une politique prudente, en respectant les r\u00e9glementations en vigueur, en effectuant syst\u00e9matiquement des tests, des essais en laboratoire et des contr\u00f4les pour v\u00e9rifier et surveiller l&rsquo;ad\u00e9quation, la qualit\u00e9 et la fiabilit\u00e9 de ses produits et de ses proc\u00e9d\u00e9s. Tout cela gr\u00e2ce \u00e0 de nouvelles installations \u00e0 haute productivit\u00e9.<br \/>\nSilga S.p.A. croit fermement que seule une v\u00e9ritable gestion int\u00e9gr\u00e9e <strong>Qualit\u00e9-Environnement<\/strong> permet d&rsquo;atteindre les objectifs commerciaux qui garantissent la pleine satisfaction des besoins des clients et la sauvegarde de l&rsquo;environnement.<\/p>\n<p>L\u2019<strong>objectif fondamental<\/strong> est l&rsquo;am\u00e9lioration continue du produit, du service, de l&rsquo;environnement et de la collaboration \u00e0 l&rsquo;int\u00e9rieur et \u00e0 l&rsquo;ext\u00e9rieur de l&rsquo;entreprise.[\/vc_column_text][vc_btn title=\u00a0\u00bbPolitique de qualit\u00e9\u00a0\u00bb style=\u00a0\u00bbflat\u00a0\u00bb shape=\u00a0\u00bbsquare\u00a0\u00bb i_icon_fontawesome=\u00a0\u00bbfar fa-file-pdf\u00a0\u00bb add_icon=\u00a0\u00bbtrue\u00a0\u00bb link=\u00a0\u00bburl:https%3A%2F%2Fsilgagalvanica.com%2Fwp-content%2Fuploads%2FPQA09-en-.pdf|title:Policy%20for%20the%20quality%20and%20environment|target:_blank\u00a0\u00bb][\/vc_column][vc_column width=\u00a0\u00bb1\/3&Prime;][vc_single_image image=\u00a0\u00bb3373&Prime; img_size=\u00a0\u00bbfull\u00a0\u00bb][\/vc_column][\/vc_row]<\/p>\n<\/section>","protected":false},"excerpt":{"rendered":"<p>[vc_row][vc_column width=\u00a0\u00bb2\/3&Prime;][vc_column_text]Silga S.p.A. accorde une grande attention \u00e0 la qualit\u00e9 de ses produits et \u00e0 l&rsquo;environnement et est certifi\u00e9e ISO 9001 et ISO 14001. Gr\u00e2ce \u00e0 son organisme interne de Recherche et D\u00e9veloppement et \u00e0 un laboratoire chimique \u00e9quip\u00e9 d&rsquo;instruments sp\u00e9cifiques, elle garantit une qualit\u00e9 et une fiabilit\u00e9 maximales, en suivant une politique prudente, en<\/p>\n","protected":false},"author":1,"featured_media":0,"parent":0,"menu_order":25,"comment_status":"closed","ping_status":"closed","template":"","meta":{"footnotes":""},"class_list":["post-3372","page","type-page","status-publish","hentry"],"yoast_head":"<!-- This site is optimized with the Yoast SEO plugin v27.4 - https:\/\/yoast.com\/product\/yoast-seo-wordpress\/ -->\n<title>Qualit\u00e9 - Silga Beyond Surfaces<\/title>\n<meta name=\"description\" content=\"Silga garantit une fiabilit\u00e9 maximale gr\u00e2ce \u00e0 son service Qualit\u00e9, charg\u00e9 de v\u00e9rifier l&#039;excellence de chaque fourniture.\" \/>\n<meta name=\"robots\" content=\"index, follow, max-snippet:-1, max-image-preview:large, max-video-preview:-1\" \/>\n<link rel=\"canonical\" href=\"https:\/\/silgagalvanica.com\/fr\/qualite\/\" \/>\n<meta property=\"og:locale\" content=\"fr_FR\" \/>\n<meta property=\"og:type\" content=\"article\" \/>\n<meta property=\"og:title\" content=\"Qualit\u00e9 - Silga Beyond Surfaces\" \/>\n<meta property=\"og:description\" content=\"Silga garantit une fiabilit\u00e9 maximale gr\u00e2ce \u00e0 son service Qualit\u00e9, charg\u00e9 de v\u00e9rifier l&#039;excellence de chaque fourniture.\" \/>\n<meta property=\"og:url\" content=\"https:\/\/silgagalvanica.com\/fr\/qualite\/\" \/>\n<meta property=\"og:site_name\" content=\"Silga Beyond Surfaces\" \/>\n<meta property=\"article:modified_time\" content=\"2024-07-17T10:19:36+00:00\" \/>\n<meta name=\"twitter:card\" content=\"summary_large_image\" \/>\n<meta name=\"twitter:label1\" content=\"Dur\u00e9e de lecture estim\u00e9e\" \/>\n\t<meta name=\"twitter:data1\" content=\"1 minute\" \/>\n<script type=\"application\/ld+json\" class=\"yoast-schema-graph\">{\"@context\":\"https:\\\/\\\/schema.org\",\"@graph\":[{\"@type\":\"WebPage\",\"@id\":\"https:\\\/\\\/silgagalvanica.com\\\/fr\\\/qualite\\\/\",\"url\":\"https:\\\/\\\/silgagalvanica.com\\\/fr\\\/qualite\\\/\",\"name\":\"Qualit\u00e9 - Silga Beyond Surfaces\",\"isPartOf\":{\"@id\":\"https:\\\/\\\/silgagalvanica.com\\\/#website\"},\"datePublished\":\"2020-07-03T14:05:31+00:00\",\"dateModified\":\"2024-07-17T10:19:36+00:00\",\"description\":\"Silga garantit une fiabilit\u00e9 maximale gr\u00e2ce \u00e0 son service Qualit\u00e9, charg\u00e9 de v\u00e9rifier l'excellence de chaque fourniture.\",\"breadcrumb\":{\"@id\":\"https:\\\/\\\/silgagalvanica.com\\\/fr\\\/qualite\\\/#breadcrumb\"},\"inLanguage\":\"fr-FR\",\"potentialAction\":[{\"@type\":\"ReadAction\",\"target\":[\"https:\\\/\\\/silgagalvanica.com\\\/fr\\\/qualite\\\/\"]}]},{\"@type\":\"BreadcrumbList\",\"@id\":\"https:\\\/\\\/silgagalvanica.com\\\/fr\\\/qualite\\\/#breadcrumb\",\"itemListElement\":[{\"@type\":\"ListItem\",\"position\":1,\"name\":\"Home\",\"item\":\"https:\\\/\\\/silgagalvanica.com\\\/fr\\\/\"},{\"@type\":\"ListItem\",\"position\":2,\"name\":\"Qualit\u00e9\"}]},{\"@type\":\"WebSite\",\"@id\":\"https:\\\/\\\/silgagalvanica.com\\\/#website\",\"url\":\"https:\\\/\\\/silgagalvanica.com\\\/\",\"name\":\"Silga Beyond Surfaces\",\"description\":\"Divisione Galvanica\",\"publisher\":{\"@id\":\"https:\\\/\\\/silgagalvanica.com\\\/#organization\"},\"potentialAction\":[{\"@type\":\"SearchAction\",\"target\":{\"@type\":\"EntryPoint\",\"urlTemplate\":\"https:\\\/\\\/silgagalvanica.com\\\/?s={search_term_string}\"},\"query-input\":{\"@type\":\"PropertyValueSpecification\",\"valueRequired\":true,\"valueName\":\"search_term_string\"}}],\"inLanguage\":\"fr-FR\"},{\"@type\":\"Organization\",\"@id\":\"https:\\\/\\\/silgagalvanica.com\\\/#organization\",\"name\":\"Silga S.p.A.\",\"url\":\"https:\\\/\\\/silgagalvanica.com\\\/\",\"logo\":{\"@type\":\"ImageObject\",\"inLanguage\":\"fr-FR\",\"@id\":\"https:\\\/\\\/silgagalvanica.com\\\/#\\\/schema\\\/logo\\\/image\\\/\",\"url\":\"https:\\\/\\\/silgagalvanica.com\\\/wp-content\\\/uploads\\\/cropped-cropped-favicon-gv.ico-1.jpg\",\"contentUrl\":\"https:\\\/\\\/silgagalvanica.com\\\/wp-content\\\/uploads\\\/cropped-cropped-favicon-gv.ico-1.jpg\",\"width\":512,\"height\":512,\"caption\":\"Silga S.p.A.\"},\"image\":{\"@id\":\"https:\\\/\\\/silgagalvanica.com\\\/#\\\/schema\\\/logo\\\/image\\\/\"}}]}<\/script>\n<!-- \/ Yoast SEO plugin. -->","yoast_head_json":{"title":"Qualit\u00e9 - Silga Beyond Surfaces","description":"Silga garantit une fiabilit\u00e9 maximale gr\u00e2ce \u00e0 son service Qualit\u00e9, charg\u00e9 de v\u00e9rifier l'excellence de chaque fourniture.","robots":{"index":"index","follow":"follow","max-snippet":"max-snippet:-1","max-image-preview":"max-image-preview:large","max-video-preview":"max-video-preview:-1"},"canonical":"https:\/\/silgagalvanica.com\/fr\/qualite\/","og_locale":"fr_FR","og_type":"article","og_title":"Qualit\u00e9 - Silga Beyond Surfaces","og_description":"Silga garantit une fiabilit\u00e9 maximale gr\u00e2ce \u00e0 son service Qualit\u00e9, charg\u00e9 de v\u00e9rifier l'excellence de chaque fourniture.","og_url":"https:\/\/silgagalvanica.com\/fr\/qualite\/","og_site_name":"Silga Beyond Surfaces","article_modified_time":"2024-07-17T10:19:36+00:00","twitter_card":"summary_large_image","twitter_misc":{"Dur\u00e9e de lecture estim\u00e9e":"1 minute"},"schema":{"@context":"https:\/\/schema.org","@graph":[{"@type":"WebPage","@id":"https:\/\/silgagalvanica.com\/fr\/qualite\/","url":"https:\/\/silgagalvanica.com\/fr\/qualite\/","name":"Qualit\u00e9 - Silga Beyond Surfaces","isPartOf":{"@id":"https:\/\/silgagalvanica.com\/#website"},"datePublished":"2020-07-03T14:05:31+00:00","dateModified":"2024-07-17T10:19:36+00:00","description":"Silga garantit une fiabilit\u00e9 maximale gr\u00e2ce \u00e0 son service Qualit\u00e9, charg\u00e9 de v\u00e9rifier l'excellence de chaque fourniture.","breadcrumb":{"@id":"https:\/\/silgagalvanica.com\/fr\/qualite\/#breadcrumb"},"inLanguage":"fr-FR","potentialAction":[{"@type":"ReadAction","target":["https:\/\/silgagalvanica.com\/fr\/qualite\/"]}]},{"@type":"BreadcrumbList","@id":"https:\/\/silgagalvanica.com\/fr\/qualite\/#breadcrumb","itemListElement":[{"@type":"ListItem","position":1,"name":"Home","item":"https:\/\/silgagalvanica.com\/fr\/"},{"@type":"ListItem","position":2,"name":"Qualit\u00e9"}]},{"@type":"WebSite","@id":"https:\/\/silgagalvanica.com\/#website","url":"https:\/\/silgagalvanica.com\/","name":"Silga Beyond Surfaces","description":"Divisione Galvanica","publisher":{"@id":"https:\/\/silgagalvanica.com\/#organization"},"potentialAction":[{"@type":"SearchAction","target":{"@type":"EntryPoint","urlTemplate":"https:\/\/silgagalvanica.com\/?s={search_term_string}"},"query-input":{"@type":"PropertyValueSpecification","valueRequired":true,"valueName":"search_term_string"}}],"inLanguage":"fr-FR"},{"@type":"Organization","@id":"https:\/\/silgagalvanica.com\/#organization","name":"Silga S.p.A.","url":"https:\/\/silgagalvanica.com\/","logo":{"@type":"ImageObject","inLanguage":"fr-FR","@id":"https:\/\/silgagalvanica.com\/#\/schema\/logo\/image\/","url":"https:\/\/silgagalvanica.com\/wp-content\/uploads\/cropped-cropped-favicon-gv.ico-1.jpg","contentUrl":"https:\/\/silgagalvanica.com\/wp-content\/uploads\/cropped-cropped-favicon-gv.ico-1.jpg","width":512,"height":512,"caption":"Silga S.p.A."},"image":{"@id":"https:\/\/silgagalvanica.com\/#\/schema\/logo\/image\/"}}]}},"_links":{"self":[{"href":"https:\/\/silgagalvanica.com\/fr\/wp-json\/wp\/v2\/pages\/3372","targetHints":{"allow":["GET"]}}],"collection":[{"href":"https:\/\/silgagalvanica.com\/fr\/wp-json\/wp\/v2\/pages"}],"about":[{"href":"https:\/\/silgagalvanica.com\/fr\/wp-json\/wp\/v2\/types\/page"}],"author":[{"embeddable":true,"href":"https:\/\/silgagalvanica.com\/fr\/wp-json\/wp\/v2\/users\/1"}],"replies":[{"embeddable":true,"href":"https:\/\/silgagalvanica.com\/fr\/wp-json\/wp\/v2\/comments?post=3372"}],"version-history":[{"count":11,"href":"https:\/\/silgagalvanica.com\/fr\/wp-json\/wp\/v2\/pages\/3372\/revisions"}],"predecessor-version":[{"id":4892,"href":"https:\/\/silgagalvanica.com\/fr\/wp-json\/wp\/v2\/pages\/3372\/revisions\/4892"}],"wp:attachment":[{"href":"https:\/\/silgagalvanica.com\/fr\/wp-json\/wp\/v2\/media?parent=3372"}],"curies":[{"name":"wp","href":"https:\/\/api.w.org\/{rel}","templated":true}]}}